{"id":1587,"date":"2021-04-21T22:03:26","date_gmt":"2021-04-21T22:03:26","guid":{"rendered":"https:\/\/meals4hope.sisteg.net\/?page_id=1587"},"modified":"2021-04-27T01:04:58","modified_gmt":"2021-04-27T01:04:58","slug":"formacion-y-recursos","status":"publish","type":"page","link":"https:\/\/www.meals4hope.org\/es\/que-hacemos\/formacion-y-recursos\/","title":{"rendered":"Formaci\u00f3n y recursos"},"content":{"rendered":"\n[et_pb_section fb_built=\u00bb1&#8243; custom_padding_last_edited=\u00bbon|phone\u00bb _builder_version=\u00bb4.9.4&#8243; _module_preset=\u00bbdefault\u00bb background_image=\u00bbhttps:\/\/www.meals4hope.org\/es\/wp-content\/uploads\/2021\/04\/training.jpg\u00bb custom_margin=\u00bb137px||||false|false\u00bb custom_margin_tablet=\u00bb\u00bb custom_margin_phone=\u00bb96px||||false|false\u00bb custom_margin_last_edited=\u00bbon|phone\u00bb custom_padding=\u00bb190px||190px||true|false\u00bb custom_padding_tablet=\u00bb\u00bb custom_padding_phone=\u00bb100px||100px||true|false\u00bb][et_pb_row _builder_version=\u00bb4.9.3&#8243; _module_preset=\u00bbdefault\u00bb background_enable_color=\u00bboff\u00bb][et_pb_column type=\u00bb4_4&#8243; _builder_version=\u00bb4.9.3&#8243; _module_preset=\u00bbdefault\u00bb][et_pb_divider show_divider=\u00bboff\u00bb _builder_version=\u00bb4.9.3&#8243; _module_preset=\u00bbdefault\u00bb][\/et_pb_divider][\/et_pb_column][\/et_pb_row][\/et_pb_section][et_pb_section fb_built=\u00bb1&#8243; _builder_version=\u00bb4.9.3&#8243; _module_preset=\u00bbdefault\u00bb custom_padding=\u00bb||100px||false|false\u00bb][et_pb_row custom_padding_last_edited=\u00bbon|phone\u00bb _builder_version=\u00bb4.9.4&#8243; _module_preset=\u00bbdefault\u00bb background_color=\u00bb#FFFFFF\u00bb vertical_offset=\u00bb-50px\u00bb custom_padding=\u00bb20px|70px|20px|70px|true|true\u00bb custom_padding_tablet=\u00bb\u00bb custom_padding_phone=\u00bb20px|0px|0px|0px|false|true\u00bb hover_enabled=\u00bb0&#8243; sticky_enabled=\u00bb0&#8243;][et_pb_column type=\u00bb4_4&#8243; _builder_version=\u00bb4.9.3&#8243; _module_preset=\u00bbdefault\u00bb][et_pb_text _builder_version=\u00bb4.9.4&#8243; _module_preset=\u00bbdefault\u00bb header_font=\u00bb||||||||\u00bb header_text_align=\u00bbcenter\u00bb header_text_color=\u00bb#515151&#8243; header_font_size=\u00bb28px\u00bb header_line_height=\u00bb1.2em\u00bb hover_enabled=\u00bb0&#8243; header_font_size_tablet=\u00bb\u00bb header_font_size_phone=\u00bb18px\u00bb header_font_size_last_edited=\u00bbon|phone\u00bb sticky_enabled=\u00bb0&#8243;]<h1>ayudando a las personas a obtener la confianza, habilidades y herramientas que necesitan para participar y mejorar la calidad de vida de sus familias y comunidades<\/h1>[\/et_pb_text][\/et_pb_column][\/et_pb_row][et_pb_row use_custom_gutter=\u00bbon\u00bb gutter_width=\u00bb2&#8243; make_equal=\u00bbon\u00bb custom_padding_last_edited=\u00bbon|phone\u00bb _builder_version=\u00bb4.9.4&#8243; _module_preset=\u00bbdefault\u00bb custom_padding_tablet=\u00bb\u00bb custom_padding_phone=\u00bb0px||0px||true|false\u00bb border_width_bottom=\u00bb1px\u00bb border_color_bottom=\u00bb#aaaaaa\u00bb][et_pb_column type=\u00bb4_4&#8243; _builder_version=\u00bb4.9.3&#8243; _module_preset=\u00bbdefault\u00bb background_enable_image=\u00bboff\u00bb][et_pb_text _builder_version=\u00bb4.9.4&#8243; _module_preset=\u00bbdefault\u00bb header_2_font=\u00bb|600|||||||\u00bb header_2_text_align=\u00bbleft\u00bb header_2_text_color=\u00bb#545454&#8243; hover_enabled=\u00bb0&#8243; sticky_enabled=\u00bb0&#8243;]<h2>Entrenamiento<\/h2>[\/et_pb_text][\/et_pb_column][\/et_pb_row][et_pb_row column_structure=\u00bb1_3,2_3&#8243; use_custom_gutter=\u00bbon\u00bb gutter_width=\u00bb2&#8243; make_equal=\u00bbon\u00bb custom_padding_last_edited=\u00bbon|phone\u00bb _builder_version=\u00bb4.9.4&#8243; _module_preset=\u00bbdefault\u00bb custom_padding=\u00bb10px||60px||false|false\u00bb custom_padding_tablet=\u00bb\u00bb custom_padding_phone=\u00bb0px||0px||true|false\u00bb][et_pb_column type=\u00bb1_3&#8243; _builder_version=\u00bb4.9.3&#8243; _module_preset=\u00bbdefault\u00bb background_enable_image=\u00bboff\u00bb][et_pb_gallery gallery_ids=\u00bb407,408,409,410,411&#8243; fullwidth=\u00bbon\u00bb _builder_version=\u00bb4.9.4&#8243; _module_preset=\u00bbdefault\u00bb auto=\u00bbon\u00bb auto_speed=\u00bb3000&#8243;][\/et_pb_gallery][\/et_pb_column][et_pb_column type=\u00bb2_3&#8243; _builder_version=\u00bb4.9.3&#8243; _module_preset=\u00bbdefault\u00bb background_enable_image=\u00bboff\u00bb][et_pb_text _builder_version=\u00bb4.9.4&#8243; _module_preset=\u00bbdefault\u00bb text_text_color=\u00bb#565656&#8243; text_font_size=\u00bb16px\u00bb custom_padding_tablet=\u00bb\u00bb custom_padding_phone=\u00bb15px||||false|false\u00bb custom_padding_last_edited=\u00bbon|phone\u00bb hover_enabled=\u00bb0&#8243; sticky_enabled=\u00bb0&#8243;]Queremos desarrollar y fortalecer v\u00edas para que las personas se re\u00fanan en sus comunidades, se involucren y tomen medidas efectivas para satisfacer sus propias necesidades. Ayudar a las personas a adquirir habilidades y confianza, y ayudar a los grupos comunitarios a crecer, ser eficientes y efectivos es un elemento clave de nuestro trabajo. Es a trav\u00e9s de estos grupos locales que los cambios en la calidad de vida se logran y mantienen en las comunidades.\n\nPara desarrollar la capacidad de una comunidad, es importante identificar y reforzar las habilidades conocimientos y recursos existentes, as\u00ed como incorporar nuevas habilidades y herramientas, fortaleciendo las destrezas y la confianza de los grupos comunitarios. La capacitaci\u00f3n requerida puede variar y necesita ser adaptada a cada proyecto y a cada comunidad. Puede incluir habilidades interpersonales, comunicacionales y organizacionales, as\u00ed como destrezas espec\u00edficas como la detecci\u00f3n y manejo de la desnutrici\u00f3n, producci\u00f3n local de alimentos, promoci\u00f3n de buenos h\u00e1bitos de higiene, salud preventiva o defensa de los derechos humanos.\n\nAdem\u00e1s de realizar talleres participativos y de capacitaci\u00f3n a las comunidades, tambi\u00e9n capacitamos al personal sanitario y otros profesionales en el manejo de la desnutrici\u00f3n.[\/et_pb_text][\/et_pb_column][\/et_pb_row][et_pb_row use_custom_gutter=\u00bbon\u00bb gutter_width=\u00bb2&#8243; make_equal=\u00bbon\u00bb custom_padding_last_edited=\u00bbon|phone\u00bb _builder_version=\u00bb4.9.4&#8243; _module_preset=\u00bbdefault\u00bb custom_padding_tablet=\u00bb\u00bb custom_padding_phone=\u00bb||0px||false|false\u00bb border_width_bottom=\u00bb1px\u00bb border_color_bottom=\u00bb#aaaaaa\u00bb][et_pb_column type=\u00bb4_4&#8243; _builder_version=\u00bb4.9.3&#8243; _module_preset=\u00bbdefault\u00bb background_enable_image=\u00bboff\u00bb][et_pb_text _builder_version=\u00bb4.9.4&#8243; _module_preset=\u00bbdefault\u00bb header_2_font=\u00bb|600|||||||\u00bb header_2_text_align=\u00bbleft\u00bb header_2_text_color=\u00bb#545454&#8243; hover_enabled=\u00bb0&#8243; sticky_enabled=\u00bb0&#8243;]<h2>Recursos\u200b<\/h2>[\/et_pb_text][\/et_pb_column][\/et_pb_row][et_pb_row column_structure=\u00bb1_3,1_3,1_3&#8243; use_custom_gutter=\u00bbon\u00bb gutter_width=\u00bb2&#8243; make_equal=\u00bbon\u00bb _builder_version=\u00bb4.9.4&#8243; _module_preset=\u00bbdefault\u00bb custom_padding=\u00bb20px||20px||true|false\u00bb][et_pb_column type=\u00bb1_3&#8243; _builder_version=\u00bb4.9.3&#8243; _module_preset=\u00bbdefault\u00bb background_enable_image=\u00bboff\u00bb][et_pb_blurb title=\u00bbTablas de crecimiento OMS: puntaje Z\u00bb url=\u00bbhttps:\/\/www.meals4hope.org\/es\/wp-content\/uploads\/2021\/04\/resources-curvas-oms.pdf\u00bb url_new_window=\u00bbon\u00bb image=\u00bbhttps:\/\/www.meals4hope.org\/es\/wp-content\/uploads\/2021\/04\/resources-curvas-OMS.jpg\u00bb alt=\u00bbWHO growth curves: z-scores \u00bb _builder_version=\u00bb4.9.4&#8243; _module_preset=\u00bbdefault\u00bb header_line_height=\u00bb1.2em\u00bb custom_padding_tablet=\u00bb\u00bb custom_padding_phone=\u00bb||30px||false|false\u00bb custom_padding_last_edited=\u00bbon|phone\u00bb link_option_url=\u00bbhttps:\/\/www.meals4hope.org\/es\/wp-content\/uploads\/2021\/04\/resources-curvas-oms.pdf\u00bb link_option_url_new_window=\u00bbon\u00bb hover_enabled=\u00bb0&#8243; sticky_enabled=\u00bb0&#8243;][\/et_pb_blurb][\/et_pb_column][et_pb_column type=\u00bb1_3&#8243; _builder_version=\u00bb4.9.3&#8243; _module_preset=\u00bbdefault\u00bb background_enable_image=\u00bboff\u00bb][et_pb_blurb title=\u00bbLineamientos generales de Meals4Hope en el contexto Covid19&#8243; url=\u00bbhttps:\/\/www.meals4hope.org\/es\/wp-content\/uploads\/2021\/04\/lineamientos-generales-programas-m4h-covid19.pdf\u00bb url_new_window=\u00bbon\u00bb image=\u00bbhttps:\/\/www.meals4hope.org\/es\/wp-content\/uploads\/2021\/04\/Lineamientos-4h-covid19.jpg\u00bb alt=\u00bbMeals4Hope Covid19 General Guidelines\u00bb _builder_version=\u00bb4.9.4&#8243; _module_preset=\u00bbdefault\u00bb header_line_height=\u00bb1.2em\u00bb custom_padding_tablet=\u00bb\u00bb custom_padding_phone=\u00bb||30px||false|false\u00bb custom_padding_last_edited=\u00bbon|phone\u00bb link_option_url=\u00bbhttps:\/\/www.meals4hope.org\/es\/wp-content\/uploads\/2021\/04\/lineamientos-generales-programas-m4h-covid19.pdf\u00bb link_option_url_new_window=\u00bbon\u00bb hover_enabled=\u00bb0&#8243; sticky_enabled=\u00bb0&#8243;][\/et_pb_blurb][\/et_pb_column][et_pb_column type=\u00bb1_3&#8243; _builder_version=\u00bb4.9.3&#8243; _module_preset=\u00bbdefault\u00bb background_enable_image=\u00bboff\u00bb][et_pb_blurb title=\u00bb Gu\u00eda MAMA-MUAC para la medici\u00f3n de circunferencia del brazo\u00bb url=\u00bbhttps:\/\/www.meals4hope.org\/es\/wp-content\/uploads\/2021\/04\/guia-mama-muac.pdf\u00bb url_new_window=\u00bbon\u00bb image=\u00bbhttps:\/\/www.meals4hope.org\/es\/wp-content\/uploads\/2021\/04\/Guia-MAMA-MUAC.jpg\u00bb alt=\u00bbMAMA-MUAC Guidelines for measuring arm circumference\u00bb _builder_version=\u00bb4.9.4&#8243; _module_preset=\u00bbdefault\u00bb header_line_height=\u00bb1.2em\u00bb link_option_url=\u00bbhttps:\/\/www.meals4hope.org\/es\/wp-content\/uploads\/2021\/04\/guia-mama-muac.pdf\u00bb link_option_url_new_window=\u00bbon\u00bb hover_enabled=\u00bb0&#8243; sticky_enabled=\u00bb0&#8243;][\/et_pb_blurb][\/et_pb_column][\/et_pb_row][\/et_pb_section]\n","protected":false},"excerpt":{"rendered":"<p>ayudando a las personas a obtener la confianza, habilidades y herramientas que necesitan para participar y mejorar la calidad de vida de sus familias y comunidadesEntrenamientoQueremos desarrollar y fortalecer v\u00edas para que las personas se re\u00fanan en sus comunidades, se involucren y tomen medidas efectivas para satisfacer sus propias necesidades. Ayudar a las personas a [&hellip;]<\/p>\n","protected":false},"author":1,"featured_media":0,"parent":1553,"menu_order":0,"comment_status":"closed","ping_status":"closed","template":"","meta":{"_et_pb_use_builder":"on","_et_pb_old_content":"","_et_gb_content_width":"","footnotes":""},"class_list":["post-1587","page","type-page","status-publish","hentry"],"yoast_head":"<!-- This site is optimized with the Yoast SEO plugin v27.4 - https:\/\/yoast.com\/product\/yoast-seo-wordpress\/ -->\n<title>Formaci\u00f3n y recursos - Meals4Hope<\/title>\n<meta name=\"robots\" content=\"index, follow, max-snippet:-1, max-image-preview:large, max-video-preview:-1\" \/>\n<link rel=\"canonical\" href=\"https:\/\/www.meals4hope.org\/es\/que-hacemos\/formacion-y-recursos\/\" \/>\n<meta property=\"og:locale\" content=\"es_ES\" \/>\n<meta property=\"og:type\" content=\"article\" \/>\n<meta property=\"og:title\" content=\"Formaci\u00f3n y recursos - Meals4Hope\" \/>\n<meta property=\"og:description\" content=\"ayudando a las personas a obtener la confianza, habilidades y herramientas que necesitan para participar y mejorar la calidad de vida de sus familias y comunidadesEntrenamientoQueremos desarrollar y fortalecer v\u00edas para que las personas se re\u00fanan en sus comunidades, se involucren y tomen medidas efectivas para satisfacer sus propias necesidades. Ayudar a las personas a [&hellip;]\" \/>\n<meta property=\"og:url\" content=\"https:\/\/www.meals4hope.org\/es\/que-hacemos\/formacion-y-recursos\/\" \/>\n<meta property=\"og:site_name\" content=\"Meals4Hope\" \/>\n<meta property=\"article:publisher\" content=\"https:\/\/www.facebook.com\/meals4hope\" \/>\n<meta property=\"article:modified_time\" content=\"2021-04-27T01:04:58+00:00\" \/>\n<meta name=\"twitter:card\" content=\"summary_large_image\" \/>\n<meta name=\"twitter:site\" content=\"@meals4hope\" \/>\n<script type=\"application\/ld+json\" class=\"yoast-schema-graph\">{\"@context\":\"https:\\\/\\\/schema.org\",\"@graph\":[{\"@type\":\"WebPage\",\"@id\":\"https:\\\/\\\/www.meals4hope.org\\\/es\\\/que-hacemos\\\/formacion-y-recursos\\\/\",\"url\":\"https:\\\/\\\/www.meals4hope.org\\\/es\\\/que-hacemos\\\/formacion-y-recursos\\\/\",\"name\":\"Formaci\u00f3n y recursos - Meals4Hope\",\"isPartOf\":{\"@id\":\"https:\\\/\\\/www.meals4hope.org\\\/es\\\/#website\"},\"datePublished\":\"2021-04-21T22:03:26+00:00\",\"dateModified\":\"2021-04-27T01:04:58+00:00\",\"breadcrumb\":{\"@id\":\"https:\\\/\\\/www.meals4hope.org\\\/es\\\/que-hacemos\\\/formacion-y-recursos\\\/#breadcrumb\"},\"inLanguage\":\"es\",\"potentialAction\":[{\"@type\":\"ReadAction\",\"target\":[\"https:\\\/\\\/www.meals4hope.org\\\/es\\\/que-hacemos\\\/formacion-y-recursos\\\/\"]}]},{\"@type\":\"BreadcrumbList\",\"@id\":\"https:\\\/\\\/www.meals4hope.org\\\/es\\\/que-hacemos\\\/formacion-y-recursos\\\/#breadcrumb\",\"itemListElement\":[{\"@type\":\"ListItem\",\"position\":1,\"name\":\"Portada\",\"item\":\"https:\\\/\\\/www.meals4hope.org\\\/es\\\/\"},{\"@type\":\"ListItem\",\"position\":2,\"name\":\"Qu\u00e9 hacemos\",\"item\":\"https:\\\/\\\/www.meals4hope.org\\\/es\\\/que-hacemos\\\/\"},{\"@type\":\"ListItem\",\"position\":3,\"name\":\"Formaci\u00f3n y recursos\"}]},{\"@type\":\"WebSite\",\"@id\":\"https:\\\/\\\/www.meals4hope.org\\\/es\\\/#website\",\"url\":\"https:\\\/\\\/www.meals4hope.org\\\/es\\\/\",\"name\":\"Meals4Hope\",\"description\":\"Con trabajo voluntario, participaci\u00f3n de la comunidad, solidaridad y cooperaci\u00f3n, sembramos juntos esperanza por un mundo mejor\",\"publisher\":{\"@id\":\"https:\\\/\\\/www.meals4hope.org\\\/es\\\/#organization\"},\"potentialAction\":[{\"@type\":\"SearchAction\",\"target\":{\"@type\":\"EntryPoint\",\"urlTemplate\":\"https:\\\/\\\/www.meals4hope.org\\\/es\\\/?s={search_term_string}\"},\"query-input\":{\"@type\":\"PropertyValueSpecification\",\"valueRequired\":true,\"valueName\":\"search_term_string\"}}],\"inLanguage\":\"es\"},{\"@type\":\"Organization\",\"@id\":\"https:\\\/\\\/www.meals4hope.org\\\/es\\\/#organization\",\"name\":\"Meals4Hope\",\"url\":\"https:\\\/\\\/www.meals4hope.org\\\/es\\\/\",\"logo\":{\"@type\":\"ImageObject\",\"inLanguage\":\"es\",\"@id\":\"https:\\\/\\\/www.meals4hope.org\\\/es\\\/#\\\/schema\\\/logo\\\/image\\\/\",\"url\":\"https:\\\/\\\/www.meals4hope.org\\\/es\\\/wp-content\\\/uploads\\\/2021\\\/04\\\/Meals4hope.png\",\"contentUrl\":\"https:\\\/\\\/www.meals4hope.org\\\/es\\\/wp-content\\\/uploads\\\/2021\\\/04\\\/Meals4hope.png\",\"width\":200,\"height\":115,\"caption\":\"Meals4Hope\"},\"image\":{\"@id\":\"https:\\\/\\\/www.meals4hope.org\\\/es\\\/#\\\/schema\\\/logo\\\/image\\\/\"},\"sameAs\":[\"https:\\\/\\\/www.facebook.com\\\/meals4hope\",\"https:\\\/\\\/x.com\\\/meals4hope\",\"https:\\\/\\\/www.instagram.com\\\/meals4hope\\\/\",\"https:\\\/\\\/www.youtube.com\\\/channel\\\/UCnGyl_rfBJb7dK0HaFWwcew\"]}]}<\/script>\n<!-- \/ Yoast SEO plugin. -->","yoast_head_json":{"title":"Formaci\u00f3n y recursos - Meals4Hope","robots":{"index":"index","follow":"follow","max-snippet":"max-snippet:-1","max-image-preview":"max-image-preview:large","max-video-preview":"max-video-preview:-1"},"canonical":"https:\/\/www.meals4hope.org\/es\/que-hacemos\/formacion-y-recursos\/","og_locale":"es_ES","og_type":"article","og_title":"Formaci\u00f3n y recursos - Meals4Hope","og_description":"ayudando a las personas a obtener la confianza, habilidades y herramientas que necesitan para participar y mejorar la calidad de vida de sus familias y comunidadesEntrenamientoQueremos desarrollar y fortalecer v\u00edas para que las personas se re\u00fanan en sus comunidades, se involucren y tomen medidas efectivas para satisfacer sus propias necesidades. Ayudar a las personas a [&hellip;]","og_url":"https:\/\/www.meals4hope.org\/es\/que-hacemos\/formacion-y-recursos\/","og_site_name":"Meals4Hope","article_publisher":"https:\/\/www.facebook.com\/meals4hope","article_modified_time":"2021-04-27T01:04:58+00:00","twitter_card":"summary_large_image","twitter_site":"@meals4hope","schema":{"@context":"https:\/\/schema.org","@graph":[{"@type":"WebPage","@id":"https:\/\/www.meals4hope.org\/es\/que-hacemos\/formacion-y-recursos\/","url":"https:\/\/www.meals4hope.org\/es\/que-hacemos\/formacion-y-recursos\/","name":"Formaci\u00f3n y recursos - Meals4Hope","isPartOf":{"@id":"https:\/\/www.meals4hope.org\/es\/#website"},"datePublished":"2021-04-21T22:03:26+00:00","dateModified":"2021-04-27T01:04:58+00:00","breadcrumb":{"@id":"https:\/\/www.meals4hope.org\/es\/que-hacemos\/formacion-y-recursos\/#breadcrumb"},"inLanguage":"es","potentialAction":[{"@type":"ReadAction","target":["https:\/\/www.meals4hope.org\/es\/que-hacemos\/formacion-y-recursos\/"]}]},{"@type":"BreadcrumbList","@id":"https:\/\/www.meals4hope.org\/es\/que-hacemos\/formacion-y-recursos\/#breadcrumb","itemListElement":[{"@type":"ListItem","position":1,"name":"Portada","item":"https:\/\/www.meals4hope.org\/es\/"},{"@type":"ListItem","position":2,"name":"Qu\u00e9 hacemos","item":"https:\/\/www.meals4hope.org\/es\/que-hacemos\/"},{"@type":"ListItem","position":3,"name":"Formaci\u00f3n y recursos"}]},{"@type":"WebSite","@id":"https:\/\/www.meals4hope.org\/es\/#website","url":"https:\/\/www.meals4hope.org\/es\/","name":"Meals4Hope","description":"Con trabajo voluntario, participaci\u00f3n de la comunidad, solidaridad y cooperaci\u00f3n, sembramos juntos esperanza por un mundo mejor","publisher":{"@id":"https:\/\/www.meals4hope.org\/es\/#organization"},"potentialAction":[{"@type":"SearchAction","target":{"@type":"EntryPoint","urlTemplate":"https:\/\/www.meals4hope.org\/es\/?s={search_term_string}"},"query-input":{"@type":"PropertyValueSpecification","valueRequired":true,"valueName":"search_term_string"}}],"inLanguage":"es"},{"@type":"Organization","@id":"https:\/\/www.meals4hope.org\/es\/#organization","name":"Meals4Hope","url":"https:\/\/www.meals4hope.org\/es\/","logo":{"@type":"ImageObject","inLanguage":"es","@id":"https:\/\/www.meals4hope.org\/es\/#\/schema\/logo\/image\/","url":"https:\/\/www.meals4hope.org\/es\/wp-content\/uploads\/2021\/04\/Meals4hope.png","contentUrl":"https:\/\/www.meals4hope.org\/es\/wp-content\/uploads\/2021\/04\/Meals4hope.png","width":200,"height":115,"caption":"Meals4Hope"},"image":{"@id":"https:\/\/www.meals4hope.org\/es\/#\/schema\/logo\/image\/"},"sameAs":["https:\/\/www.facebook.com\/meals4hope","https:\/\/x.com\/meals4hope","https:\/\/www.instagram.com\/meals4hope\/","https:\/\/www.youtube.com\/channel\/UCnGyl_rfBJb7dK0HaFWwcew"]}]}},"_links":{"self":[{"href":"https:\/\/www.meals4hope.org\/es\/wp-json\/wp\/v2\/pages\/1587","targetHints":{"allow":["GET"]}}],"collection":[{"href":"https:\/\/www.meals4hope.org\/es\/wp-json\/wp\/v2\/pages"}],"about":[{"href":"https:\/\/www.meals4hope.org\/es\/wp-json\/wp\/v2\/types\/page"}],"author":[{"embeddable":true,"href":"https:\/\/www.meals4hope.org\/es\/wp-json\/wp\/v2\/users\/1"}],"replies":[{"embeddable":true,"href":"https:\/\/www.meals4hope.org\/es\/wp-json\/wp\/v2\/comments?post=1587"}],"version-history":[{"count":0,"href":"https:\/\/www.meals4hope.org\/es\/wp-json\/wp\/v2\/pages\/1587\/revisions"}],"up":[{"embeddable":true,"href":"https:\/\/www.meals4hope.org\/es\/wp-json\/wp\/v2\/pages\/1553"}],"wp:attachment":[{"href":"https:\/\/www.meals4hope.org\/es\/wp-json\/wp\/v2\/media?parent=1587"}],"curies":[{"name":"wp","href":"https:\/\/api.w.org\/{rel}","templated":true}]}}