{"id":1566,"date":"2021-04-21T21:41:54","date_gmt":"2021-04-21T21:41:54","guid":{"rendered":"https:\/\/meals4hope.sisteg.net\/?page_id=1566"},"modified":"2021-04-27T01:03:14","modified_gmt":"2021-04-27T01:03:14","slug":"proyectos-comunitarios-de-alimentacion","status":"publish","type":"page","link":"https:\/\/www.meals4hope.org\/es\/que-hacemos\/proyectos-comunitarios-de-alimentacion\/","title":{"rendered":"Proyectos Comunitarios de Alimentaci\u00f3n"},"content":{"rendered":"\n[et_pb_section fb_built=\u00bb1&#8243; custom_padding_last_edited=\u00bbon|phone\u00bb _builder_version=\u00bb4.9.4&#8243; _module_preset=\u00bbdefault\u00bb background_image=\u00bbhttps:\/\/www.meals4hope.org\/es\/wp-content\/uploads\/2021\/04\/community-initiatives.jpg\u00bb custom_margin=\u00bb137px||||false|false\u00bb custom_margin_tablet=\u00bb\u00bb custom_margin_phone=\u00bb96px||||false|false\u00bb custom_margin_last_edited=\u00bbon|phone\u00bb custom_padding=\u00bb190px||190px||true|false\u00bb custom_padding_tablet=\u00bb\u00bb custom_padding_phone=\u00bb100px||100px||true|false\u00bb][et_pb_row _builder_version=\u00bb4.9.3&#8243; _module_preset=\u00bbdefault\u00bb background_enable_color=\u00bboff\u00bb][et_pb_column type=\u00bb4_4&#8243; _builder_version=\u00bb4.9.3&#8243; _module_preset=\u00bbdefault\u00bb][et_pb_divider show_divider=\u00bboff\u00bb _builder_version=\u00bb4.9.3&#8243; _module_preset=\u00bbdefault\u00bb][\/et_pb_divider][\/et_pb_column][\/et_pb_row][\/et_pb_section][et_pb_section fb_built=\u00bb1&#8243; _builder_version=\u00bb4.9.3&#8243; _module_preset=\u00bbdefault\u00bb custom_padding=\u00bb||100px||false|false\u00bb][et_pb_row custom_padding_last_edited=\u00bbon|phone\u00bb _builder_version=\u00bb4.9.4&#8243; _module_preset=\u00bbdefault\u00bb background_color=\u00bb#FFFFFF\u00bb vertical_offset=\u00bb-50px\u00bb custom_padding=\u00bb20px|40px|20px|40px|true|true\u00bb custom_padding_tablet=\u00bb\u00bb custom_padding_phone=\u00bb20px|0px|0px|0px|false|true\u00bb][et_pb_column type=\u00bb4_4&#8243; _builder_version=\u00bb4.9.3&#8243; _module_preset=\u00bbdefault\u00bb][et_pb_text _builder_version=\u00bb4.9.4&#8243; _module_preset=\u00bbdefault\u00bb header_font=\u00bb||||||||\u00bb header_text_align=\u00bbcenter\u00bb header_text_color=\u00bb#515151&#8243; header_font_size=\u00bb28px\u00bb header_line_height=\u00bb1.2em\u00bb hover_enabled=\u00bb0&#8243; header_font_size_tablet=\u00bb\u00bb header_font_size_phone=\u00bb18px\u00bb header_font_size_last_edited=\u00bbon|phone\u00bb sticky_enabled=\u00bb0&#8243;]<h1>las comunidades se unen, construyendo redes de solidaridad que brindan alimento, protecci\u00f3n y amor a los ni\u00f1os y ni\u00f1as m\u00e1s necesitados<\/h1>[\/et_pb_text][\/et_pb_column][\/et_pb_row][et_pb_row use_custom_gutter=\u00bbon\u00bb gutter_width=\u00bb2&#8243; make_equal=\u00bbon\u00bb custom_padding_last_edited=\u00bbon|phone\u00bb _builder_version=\u00bb4.9.4&#8243; _module_preset=\u00bbdefault\u00bb custom_padding_tablet=\u00bb\u00bb custom_padding_phone=\u00bb0px||0px||true|false\u00bb border_width_bottom=\u00bb1px\u00bb border_color_bottom=\u00bb#aaaaaa\u00bb][et_pb_column type=\u00bb4_4&#8243; _builder_version=\u00bb4.9.3&#8243; _module_preset=\u00bbdefault\u00bb background_enable_image=\u00bboff\u00bb][et_pb_text _builder_version=\u00bb4.9.4&#8243; _module_preset=\u00bbdefault\u00bb header_2_font=\u00bb|600|||||||\u00bb header_2_text_align=\u00bbleft\u00bb header_2_text_color=\u00bb#545454&#8243;]<h2>Casas Comunitarias\u200b<\/h2>[\/et_pb_text][\/et_pb_column][\/et_pb_row][et_pb_row column_structure=\u00bb1_3,2_3&#8243; use_custom_gutter=\u00bbon\u00bb gutter_width=\u00bb2&#8243; make_equal=\u00bbon\u00bb custom_padding_last_edited=\u00bbon|phone\u00bb _builder_version=\u00bb4.9.4&#8243; _module_preset=\u00bbdefault\u00bb custom_padding=\u00bb10px||60px||false|false\u00bb custom_padding_tablet=\u00bb\u00bb custom_padding_phone=\u00bb0px||0px||false|false\u00bb][et_pb_column type=\u00bb1_3&#8243; _builder_version=\u00bb4.9.3&#8243; _module_preset=\u00bbdefault\u00bb background_enable_image=\u00bboff\u00bb][et_pb_gallery gallery_ids=\u00bb124,289,290&#8243; fullwidth=\u00bbon\u00bb _builder_version=\u00bb4.9.4&#8243; _module_preset=\u00bbdefault\u00bb auto=\u00bbon\u00bb auto_speed=\u00bb3000&#8243;][\/et_pb_gallery][\/et_pb_column][et_pb_column type=\u00bb2_3&#8243; _builder_version=\u00bb4.9.3&#8243; _module_preset=\u00bbdefault\u00bb background_enable_image=\u00bboff\u00bb][et_pb_text _builder_version=\u00bb4.9.4&#8243; _module_preset=\u00bbdefault\u00bb text_text_color=\u00bb#565656&#8243; text_font_size=\u00bb16px\u00bb custom_padding_tablet=\u00bb\u00bb custom_padding_phone=\u00bb15px||||false|false\u00bb custom_padding_last_edited=\u00bbon|phone\u00bb]Mujeres voluntarias de las comunidades abren sus puertas y, con la ayuda de sus vecinos, reciben a los ni\u00f1os m\u00e1s necesitados de la zona para brindarles una comida equilibrada y nutritiva todos los d\u00edas.\n\nEn estas Casas Comunitarias, no solo proporcionamos comida, sino tambi\u00e9n amor y protecci\u00f3n \u2026 se realizan chequeos m\u00e9dicos y sesiones de desparasitaci\u00f3n para los ni\u00f1os m\u00e1s necesitados, se fomenta la amistad, la labor se realiza con alegr\u00eda, y todos sienten el calor del hogar.[\/et_pb_text][\/et_pb_column][\/et_pb_row][et_pb_row use_custom_gutter=\u00bbon\u00bb gutter_width=\u00bb2&#8243; make_equal=\u00bbon\u00bb custom_padding_last_edited=\u00bbon|phone\u00bb _builder_version=\u00bb4.9.4&#8243; _module_preset=\u00bbdefault\u00bb custom_padding_tablet=\u00bb\u00bb custom_padding_phone=\u00bb||0px||false|false\u00bb border_width_bottom=\u00bb1px\u00bb border_color_bottom=\u00bb#aaaaaa\u00bb][et_pb_column type=\u00bb4_4&#8243; _builder_version=\u00bb4.9.3&#8243; _module_preset=\u00bbdefault\u00bb background_enable_image=\u00bboff\u00bb][et_pb_text _builder_version=\u00bb4.9.4&#8243; _module_preset=\u00bbdefault\u00bb header_2_font=\u00bb|600|||||||\u00bb header_2_text_align=\u00bbleft\u00bb header_2_text_color=\u00bb#545454&#8243;]<h2>Comedores Escolares<\/h2>[\/et_pb_text][\/et_pb_column][\/et_pb_row][et_pb_row column_structure=\u00bb1_3,2_3&#8243; use_custom_gutter=\u00bbon\u00bb gutter_width=\u00bb2&#8243; make_equal=\u00bbon\u00bb custom_padding_last_edited=\u00bbon|phone\u00bb _builder_version=\u00bb4.9.4&#8243; _module_preset=\u00bbdefault\u00bb custom_padding=\u00bb10px||60px||false|false\u00bb custom_padding_tablet=\u00bb\u00bb custom_padding_phone=\u00bb0px||0px||true|false\u00bb][et_pb_column type=\u00bb1_3&#8243; _builder_version=\u00bb4.9.3&#8243; _module_preset=\u00bbdefault\u00bb background_enable_image=\u00bboff\u00bb][et_pb_gallery gallery_ids=\u00bb291,292,293&#8243; fullwidth=\u00bbon\u00bb _builder_version=\u00bb4.9.4&#8243; _module_preset=\u00bbdefault\u00bb auto=\u00bbon\u00bb auto_speed=\u00bb3000&#8243;][\/et_pb_gallery][\/et_pb_column][et_pb_column type=\u00bb2_3&#8243; _builder_version=\u00bb4.9.3&#8243; _module_preset=\u00bbdefault\u00bb background_enable_image=\u00bboff\u00bb][et_pb_text _builder_version=\u00bb4.9.4&#8243; _module_preset=\u00bbdefault\u00bb text_text_color=\u00bb#565656&#8243; text_font_size=\u00bb16px\u00bb custom_padding_tablet=\u00bb\u00bb custom_padding_phone=\u00bb15px||||false|false\u00bb custom_padding_last_edited=\u00bbon|phone\u00bb]El n\u00famero de ni\u00f1os y ni\u00f1as que abandonan la escuela o se desmayan en clase por falta de comida aumenta cada d\u00eda. Con el apoyo de escuelas en comunidades de extrema pobreza, este programa busca brindar una comida diaria equilibrada y nutritiva a los ni\u00f1os y ni\u00f1as en edad escolar, que les permita crecer saludables y continuar sus estudios.\n\nSe preparan desayunos o almuerzos de lunes a viernes. Los programas escolares, con la participaci\u00f3n del personal de la escuela y las familias, ayudan a los ni\u00f1os y ni\u00f1as y tambi\u00e9n son clave para crear un esp\u00edritu de comunidad. Durante las vacaciones escolares, gracias al trabajo voluntario de la comunidad, nuestros programas nutricionales no paran. Los padres y otros voluntarios se organizan y se les sigue brindando comida o apoyo nutricional a los ni\u00f1os y ni\u00f1as.[\/et_pb_text][\/et_pb_column][\/et_pb_row][et_pb_row use_custom_gutter=\u00bbon\u00bb gutter_width=\u00bb2&#8243; make_equal=\u00bbon\u00bb custom_padding_last_edited=\u00bbon|phone\u00bb _builder_version=\u00bb4.9.4&#8243; _module_preset=\u00bbdefault\u00bb custom_padding_tablet=\u00bb\u00bb custom_padding_phone=\u00bb||0px||false|false\u00bb border_width_bottom=\u00bb1px\u00bb border_color_bottom=\u00bb#aaaaaa\u00bb][et_pb_column type=\u00bb4_4&#8243; _builder_version=\u00bb4.9.3&#8243; _module_preset=\u00bbdefault\u00bb background_enable_image=\u00bboff\u00bb][et_pb_text _builder_version=\u00bb4.9.4&#8243; _module_preset=\u00bbdefault\u00bb header_2_font=\u00bb|600|||||||\u00bb header_2_text_align=\u00bbleft\u00bb header_2_text_color=\u00bb#545454&#8243;]<h2>Ollas y comedores comunitarios<\/h2>[\/et_pb_text][\/et_pb_column][\/et_pb_row][et_pb_row column_structure=\u00bb1_3,2_3&#8243; use_custom_gutter=\u00bbon\u00bb gutter_width=\u00bb2&#8243; make_equal=\u00bbon\u00bb custom_padding_last_edited=\u00bbon|phone\u00bb _builder_version=\u00bb4.9.4&#8243; _module_preset=\u00bbdefault\u00bb custom_padding=\u00bb10px||60px||false|false\u00bb custom_padding_tablet=\u00bb\u00bb custom_padding_phone=\u00bb0px||0px||true|false\u00bb][et_pb_column type=\u00bb1_3&#8243; _builder_version=\u00bb4.9.3&#8243; _module_preset=\u00bbdefault\u00bb background_enable_image=\u00bboff\u00bb][et_pb_gallery gallery_ids=\u00bb296,297,298&#8243; fullwidth=\u00bbon\u00bb _builder_version=\u00bb4.9.4&#8243; _module_preset=\u00bbdefault\u00bb auto=\u00bbon\u00bb auto_speed=\u00bb3000&#8243;][\/et_pb_gallery][\/et_pb_column][et_pb_column type=\u00bb2_3&#8243; _builder_version=\u00bb4.9.3&#8243; _module_preset=\u00bbdefault\u00bb background_enable_image=\u00bboff\u00bb][et_pb_text _builder_version=\u00bb4.9.4&#8243; _module_preset=\u00bbdefault\u00bb text_text_color=\u00bb#565656&#8243; text_font_size=\u00bb16px\u00bb custom_padding_tablet=\u00bb\u00bb custom_padding_phone=\u00bb15px||||false|false\u00bb custom_padding_last_edited=\u00bbon|phone\u00bb]Los comedores comunitarios son administrados por la comunidad para la comunidad; un grupo de voluntarios locales se re\u00fane y habilita un lugar que funciona como una cocina comunitaria. Estas pueden tener lugar en iglesias, cl\u00ednicas, centros comunitarios e incluso debajo de un \u00e1rbol, pero la comida siempre se prepara con amabilidad y amor. Los ni\u00f1os y ni\u00f1as m\u00e1s necesitados se incorporan al programa, donde reciben una comida equilibrada y nutritiva.\n\nLos ollas comunitarias suelen ser una actividad semanal en la que un grupo de personas prepara un sancocho nutritivo para unas 100 personas necesitadas en el \u00e1rea local; los voluntarios recogen le\u00f1a para el fuego, cortan verduras, pican la carne y preparan un sancocho con amor para los ni\u00f1os y ni\u00f1as del programa. Se controla el peso y el talla de los ni\u00f1os y, para aquellos que necesitan apoyo adicional, se proporciona una comida diaria durante la semana.[\/et_pb_text][\/et_pb_column][\/et_pb_row][et_pb_row use_custom_gutter=\u00bbon\u00bb gutter_width=\u00bb2&#8243; make_equal=\u00bbon\u00bb custom_padding_last_edited=\u00bbon|phone\u00bb _builder_version=\u00bb4.9.4&#8243; _module_preset=\u00bbdefault\u00bb custom_padding_tablet=\u00bb\u00bb custom_padding_phone=\u00bb||0px||false|false\u00bb border_width_bottom=\u00bb1px\u00bb border_color_bottom=\u00bb#aaaaaa\u00bb][et_pb_column type=\u00bb4_4&#8243; _builder_version=\u00bb4.9.3&#8243; _module_preset=\u00bbdefault\u00bb background_enable_image=\u00bboff\u00bb][et_pb_text _builder_version=\u00bb4.9.4&#8243; _module_preset=\u00bbdefault\u00bb header_2_font=\u00bb|600|||||||\u00bb header_2_text_align=\u00bbleft\u00bb header_2_text_color=\u00bb#545454&#8243;]<h2>Otros apoyos<\/h2>[\/et_pb_text][\/et_pb_column][\/et_pb_row][et_pb_row column_structure=\u00bb1_3,2_3&#8243; use_custom_gutter=\u00bbon\u00bb gutter_width=\u00bb2&#8243; make_equal=\u00bbon\u00bb custom_padding_last_edited=\u00bbon|phone\u00bb _builder_version=\u00bb4.9.4&#8243; _module_preset=\u00bbdefault\u00bb custom_padding=\u00bb10px||||false|false\u00bb custom_padding_tablet=\u00bb\u00bb custom_padding_phone=\u00bb0px||0px||true|false\u00bb][et_pb_column type=\u00bb1_3&#8243; _builder_version=\u00bb4.9.3&#8243; _module_preset=\u00bbdefault\u00bb background_enable_image=\u00bboff\u00bb][et_pb_gallery gallery_ids=\u00bb301,302,303&#8243; fullwidth=\u00bbon\u00bb _builder_version=\u00bb4.9.4&#8243; _module_preset=\u00bbdefault\u00bb auto=\u00bbon\u00bb auto_speed=\u00bb3000&#8243;][\/et_pb_gallery][\/et_pb_column][et_pb_column type=\u00bb2_3&#8243; _builder_version=\u00bb4.9.3&#8243; _module_preset=\u00bbdefault\u00bb background_enable_image=\u00bboff\u00bb][et_pb_text _builder_version=\u00bb4.9.4&#8243; _module_preset=\u00bbdefault\u00bb text_text_color=\u00bb#565656&#8243; text_font_size=\u00bb16px\u00bb custom_padding_tablet=\u00bb\u00bb custom_padding_phone=\u00bb15px||||false|false\u00bb custom_padding_last_edited=\u00bbon|phone\u00bb]Tambi\u00e9n brindamos apoyo nutricional a programas conjuntos o administrados por otras organizaciones aliadas, incluidos hogares para ni\u00f1os abandonados, ni\u00f1os con discapacidades, ni\u00f1os en \u00e1reas rurales y ni\u00f1os ind\u00edgenas en la selva.\n\nTodos nuestros proyectos y programas se adaptan a las necesidades y caracter\u00edsticas de cada zona. Los llevan a cabo personas locales sensibles y comprometidas, a veces en alianza con organizaciones o instituciones con experiencia en servicio social comunitario. La participaci\u00f3n de las propias comunidades, el apoyo dedicado de los voluntarios y las alianzas locales son claves para el \u00e9xito y la sostenibilidad de los programas.[\/et_pb_text][\/et_pb_column][\/et_pb_row][\/et_pb_section]\n","protected":false},"excerpt":{"rendered":"<p>las comunidades se unen, construyendo redes de solidaridad que brindan alimento, protecci\u00f3n y amor a los ni\u00f1os y ni\u00f1as m\u00e1s necesitadosCasas Comunitarias\u200bMujeres voluntarias de las comunidades abren sus puertas y, con la ayuda de sus vecinos, reciben a los ni\u00f1os m\u00e1s necesitados de la zona para brindarles una comida equilibrada y nutritiva todos los d\u00edas. [&hellip;]<\/p>\n","protected":false},"author":1,"featured_media":0,"parent":1553,"menu_order":0,"comment_status":"closed","ping_status":"closed","template":"","meta":{"_et_pb_use_builder":"on","_et_pb_old_content":"","_et_gb_content_width":"","footnotes":""},"class_list":["post-1566","page","type-page","status-publish","hentry"],"yoast_head":"<!-- This site is optimized with the Yoast SEO plugin v27.4 - https:\/\/yoast.com\/product\/yoast-seo-wordpress\/ -->\n<title>Proyectos Comunitarios de Alimentaci\u00f3n - Meals4Hope<\/title>\n<meta name=\"robots\" content=\"index, follow, max-snippet:-1, max-image-preview:large, max-video-preview:-1\" \/>\n<link rel=\"canonical\" href=\"https:\/\/www.meals4hope.org\/es\/que-hacemos\/proyectos-comunitarios-de-alimentacion\/\" \/>\n<meta property=\"og:locale\" content=\"es_ES\" \/>\n<meta property=\"og:type\" content=\"article\" \/>\n<meta property=\"og:title\" content=\"Proyectos Comunitarios de Alimentaci\u00f3n - Meals4Hope\" \/>\n<meta property=\"og:description\" content=\"las comunidades se unen, construyendo redes de solidaridad que brindan alimento, protecci\u00f3n y amor a los ni\u00f1os y ni\u00f1as m\u00e1s necesitadosCasas Comunitarias\u200bMujeres voluntarias de las comunidades abren sus puertas y, con la ayuda de sus vecinos, reciben a los ni\u00f1os m\u00e1s necesitados de la zona para brindarles una comida equilibrada y nutritiva todos los d\u00edas. [&hellip;]\" \/>\n<meta property=\"og:url\" content=\"https:\/\/www.meals4hope.org\/es\/que-hacemos\/proyectos-comunitarios-de-alimentacion\/\" \/>\n<meta property=\"og:site_name\" content=\"Meals4Hope\" \/>\n<meta property=\"article:publisher\" content=\"https:\/\/www.facebook.com\/meals4hope\" \/>\n<meta property=\"article:modified_time\" content=\"2021-04-27T01:03:14+00:00\" \/>\n<meta name=\"twitter:card\" content=\"summary_large_image\" \/>\n<meta name=\"twitter:site\" content=\"@meals4hope\" \/>\n<script type=\"application\/ld+json\" class=\"yoast-schema-graph\">{\"@context\":\"https:\\\/\\\/schema.org\",\"@graph\":[{\"@type\":\"WebPage\",\"@id\":\"https:\\\/\\\/www.meals4hope.org\\\/es\\\/que-hacemos\\\/proyectos-comunitarios-de-alimentacion\\\/\",\"url\":\"https:\\\/\\\/www.meals4hope.org\\\/es\\\/que-hacemos\\\/proyectos-comunitarios-de-alimentacion\\\/\",\"name\":\"Proyectos Comunitarios de Alimentaci\u00f3n - Meals4Hope\",\"isPartOf\":{\"@id\":\"https:\\\/\\\/www.meals4hope.org\\\/es\\\/#website\"},\"datePublished\":\"2021-04-21T21:41:54+00:00\",\"dateModified\":\"2021-04-27T01:03:14+00:00\",\"breadcrumb\":{\"@id\":\"https:\\\/\\\/www.meals4hope.org\\\/es\\\/que-hacemos\\\/proyectos-comunitarios-de-alimentacion\\\/#breadcrumb\"},\"inLanguage\":\"es\",\"potentialAction\":[{\"@type\":\"ReadAction\",\"target\":[\"https:\\\/\\\/www.meals4hope.org\\\/es\\\/que-hacemos\\\/proyectos-comunitarios-de-alimentacion\\\/\"]}]},{\"@type\":\"BreadcrumbList\",\"@id\":\"https:\\\/\\\/www.meals4hope.org\\\/es\\\/que-hacemos\\\/proyectos-comunitarios-de-alimentacion\\\/#breadcrumb\",\"itemListElement\":[{\"@type\":\"ListItem\",\"position\":1,\"name\":\"Portada\",\"item\":\"https:\\\/\\\/www.meals4hope.org\\\/es\\\/\"},{\"@type\":\"ListItem\",\"position\":2,\"name\":\"Qu\u00e9 hacemos\",\"item\":\"https:\\\/\\\/www.meals4hope.org\\\/es\\\/que-hacemos\\\/\"},{\"@type\":\"ListItem\",\"position\":3,\"name\":\"Proyectos Comunitarios de Alimentaci\u00f3n\"}]},{\"@type\":\"WebSite\",\"@id\":\"https:\\\/\\\/www.meals4hope.org\\\/es\\\/#website\",\"url\":\"https:\\\/\\\/www.meals4hope.org\\\/es\\\/\",\"name\":\"Meals4Hope\",\"description\":\"Con trabajo voluntario, participaci\u00f3n de la comunidad, solidaridad y cooperaci\u00f3n, sembramos juntos esperanza por un mundo mejor\",\"publisher\":{\"@id\":\"https:\\\/\\\/www.meals4hope.org\\\/es\\\/#organization\"},\"potentialAction\":[{\"@type\":\"SearchAction\",\"target\":{\"@type\":\"EntryPoint\",\"urlTemplate\":\"https:\\\/\\\/www.meals4hope.org\\\/es\\\/?s={search_term_string}\"},\"query-input\":{\"@type\":\"PropertyValueSpecification\",\"valueRequired\":true,\"valueName\":\"search_term_string\"}}],\"inLanguage\":\"es\"},{\"@type\":\"Organization\",\"@id\":\"https:\\\/\\\/www.meals4hope.org\\\/es\\\/#organization\",\"name\":\"Meals4Hope\",\"url\":\"https:\\\/\\\/www.meals4hope.org\\\/es\\\/\",\"logo\":{\"@type\":\"ImageObject\",\"inLanguage\":\"es\",\"@id\":\"https:\\\/\\\/www.meals4hope.org\\\/es\\\/#\\\/schema\\\/logo\\\/image\\\/\",\"url\":\"https:\\\/\\\/www.meals4hope.org\\\/es\\\/wp-content\\\/uploads\\\/2021\\\/04\\\/Meals4hope.png\",\"contentUrl\":\"https:\\\/\\\/www.meals4hope.org\\\/es\\\/wp-content\\\/uploads\\\/2021\\\/04\\\/Meals4hope.png\",\"width\":200,\"height\":115,\"caption\":\"Meals4Hope\"},\"image\":{\"@id\":\"https:\\\/\\\/www.meals4hope.org\\\/es\\\/#\\\/schema\\\/logo\\\/image\\\/\"},\"sameAs\":[\"https:\\\/\\\/www.facebook.com\\\/meals4hope\",\"https:\\\/\\\/x.com\\\/meals4hope\",\"https:\\\/\\\/www.instagram.com\\\/meals4hope\\\/\",\"https:\\\/\\\/www.youtube.com\\\/channel\\\/UCnGyl_rfBJb7dK0HaFWwcew\"]}]}<\/script>\n<!-- \/ Yoast SEO plugin. -->","yoast_head_json":{"title":"Proyectos Comunitarios de Alimentaci\u00f3n - Meals4Hope","robots":{"index":"index","follow":"follow","max-snippet":"max-snippet:-1","max-image-preview":"max-image-preview:large","max-video-preview":"max-video-preview:-1"},"canonical":"https:\/\/www.meals4hope.org\/es\/que-hacemos\/proyectos-comunitarios-de-alimentacion\/","og_locale":"es_ES","og_type":"article","og_title":"Proyectos Comunitarios de Alimentaci\u00f3n - Meals4Hope","og_description":"las comunidades se unen, construyendo redes de solidaridad que brindan alimento, protecci\u00f3n y amor a los ni\u00f1os y ni\u00f1as m\u00e1s necesitadosCasas Comunitarias\u200bMujeres voluntarias de las comunidades abren sus puertas y, con la ayuda de sus vecinos, reciben a los ni\u00f1os m\u00e1s necesitados de la zona para brindarles una comida equilibrada y nutritiva todos los d\u00edas. [&hellip;]","og_url":"https:\/\/www.meals4hope.org\/es\/que-hacemos\/proyectos-comunitarios-de-alimentacion\/","og_site_name":"Meals4Hope","article_publisher":"https:\/\/www.facebook.com\/meals4hope","article_modified_time":"2021-04-27T01:03:14+00:00","twitter_card":"summary_large_image","twitter_site":"@meals4hope","schema":{"@context":"https:\/\/schema.org","@graph":[{"@type":"WebPage","@id":"https:\/\/www.meals4hope.org\/es\/que-hacemos\/proyectos-comunitarios-de-alimentacion\/","url":"https:\/\/www.meals4hope.org\/es\/que-hacemos\/proyectos-comunitarios-de-alimentacion\/","name":"Proyectos Comunitarios de Alimentaci\u00f3n - Meals4Hope","isPartOf":{"@id":"https:\/\/www.meals4hope.org\/es\/#website"},"datePublished":"2021-04-21T21:41:54+00:00","dateModified":"2021-04-27T01:03:14+00:00","breadcrumb":{"@id":"https:\/\/www.meals4hope.org\/es\/que-hacemos\/proyectos-comunitarios-de-alimentacion\/#breadcrumb"},"inLanguage":"es","potentialAction":[{"@type":"ReadAction","target":["https:\/\/www.meals4hope.org\/es\/que-hacemos\/proyectos-comunitarios-de-alimentacion\/"]}]},{"@type":"BreadcrumbList","@id":"https:\/\/www.meals4hope.org\/es\/que-hacemos\/proyectos-comunitarios-de-alimentacion\/#breadcrumb","itemListElement":[{"@type":"ListItem","position":1,"name":"Portada","item":"https:\/\/www.meals4hope.org\/es\/"},{"@type":"ListItem","position":2,"name":"Qu\u00e9 hacemos","item":"https:\/\/www.meals4hope.org\/es\/que-hacemos\/"},{"@type":"ListItem","position":3,"name":"Proyectos Comunitarios de Alimentaci\u00f3n"}]},{"@type":"WebSite","@id":"https:\/\/www.meals4hope.org\/es\/#website","url":"https:\/\/www.meals4hope.org\/es\/","name":"Meals4Hope","description":"Con trabajo voluntario, participaci\u00f3n de la comunidad, solidaridad y cooperaci\u00f3n, sembramos juntos esperanza por un mundo mejor","publisher":{"@id":"https:\/\/www.meals4hope.org\/es\/#organization"},"potentialAction":[{"@type":"SearchAction","target":{"@type":"EntryPoint","urlTemplate":"https:\/\/www.meals4hope.org\/es\/?s={search_term_string}"},"query-input":{"@type":"PropertyValueSpecification","valueRequired":true,"valueName":"search_term_string"}}],"inLanguage":"es"},{"@type":"Organization","@id":"https:\/\/www.meals4hope.org\/es\/#organization","name":"Meals4Hope","url":"https:\/\/www.meals4hope.org\/es\/","logo":{"@type":"ImageObject","inLanguage":"es","@id":"https:\/\/www.meals4hope.org\/es\/#\/schema\/logo\/image\/","url":"https:\/\/www.meals4hope.org\/es\/wp-content\/uploads\/2021\/04\/Meals4hope.png","contentUrl":"https:\/\/www.meals4hope.org\/es\/wp-content\/uploads\/2021\/04\/Meals4hope.png","width":200,"height":115,"caption":"Meals4Hope"},"image":{"@id":"https:\/\/www.meals4hope.org\/es\/#\/schema\/logo\/image\/"},"sameAs":["https:\/\/www.facebook.com\/meals4hope","https:\/\/x.com\/meals4hope","https:\/\/www.instagram.com\/meals4hope\/","https:\/\/www.youtube.com\/channel\/UCnGyl_rfBJb7dK0HaFWwcew"]}]}},"_links":{"self":[{"href":"https:\/\/www.meals4hope.org\/es\/wp-json\/wp\/v2\/pages\/1566","targetHints":{"allow":["GET"]}}],"collection":[{"href":"https:\/\/www.meals4hope.org\/es\/wp-json\/wp\/v2\/pages"}],"about":[{"href":"https:\/\/www.meals4hope.org\/es\/wp-json\/wp\/v2\/types\/page"}],"author":[{"embeddable":true,"href":"https:\/\/www.meals4hope.org\/es\/wp-json\/wp\/v2\/users\/1"}],"replies":[{"embeddable":true,"href":"https:\/\/www.meals4hope.org\/es\/wp-json\/wp\/v2\/comments?post=1566"}],"version-history":[{"count":0,"href":"https:\/\/www.meals4hope.org\/es\/wp-json\/wp\/v2\/pages\/1566\/revisions"}],"up":[{"embeddable":true,"href":"https:\/\/www.meals4hope.org\/es\/wp-json\/wp\/v2\/pages\/1553"}],"wp:attachment":[{"href":"https:\/\/www.meals4hope.org\/es\/wp-json\/wp\/v2\/media?parent=1566"}],"curies":[{"name":"wp","href":"https:\/\/api.w.org\/{rel}","templated":true}]}}