{"id":1545,"date":"2021-04-21T21:15:01","date_gmt":"2021-04-21T21:15:01","guid":{"rendered":"https:\/\/meals4hope.sisteg.net\/?page_id=1545"},"modified":"2025-11-16T16:00:16","modified_gmt":"2025-11-16T14:00:16","slug":"politicas-e-informes","status":"publish","type":"page","link":"https:\/\/www.meals4hope.org\/es\/quienes-somos\/politicas-e-informes\/","title":{"rendered":"Pol\u00edticas e informes"},"content":{"rendered":"<p>[et_pb_section fb_built=\u00bb1&#8243; custom_padding_last_edited=\u00bbon|phone\u00bb _builder_version=\u00bb4.16&#8243; _module_preset=\u00bbdefault\u00bb background_image=\u00bbhttps:\/\/www.meals4hope.org\/es\/wp-content\/uploads\/2021\/04\/policies-and-reports.jpg\u00bb background_position=\u00bbtop_center\u00bb custom_margin=\u00bb137px||||false|false\u00bb custom_margin_tablet=\u00bb\u00bb custom_margin_phone=\u00bb96px||||false|false\u00bb custom_margin_last_edited=\u00bbon|phone\u00bb custom_padding=\u00bb190px||190px||true|false\u00bb custom_padding_tablet=\u00bb\u00bb custom_padding_phone=\u00bb100px||100px||true|false\u00bb global_colors_info=\u00bb{}\u00bb][et_pb_row _builder_version=\u00bb4.16&#8243; _module_preset=\u00bbdefault\u00bb background_enable_color=\u00bboff\u00bb global_colors_info=\u00bb{}\u00bb][et_pb_column type=\u00bb4_4&#8243; _builder_version=\u00bb4.16&#8243; _module_preset=\u00bbdefault\u00bb global_colors_info=\u00bb{}\u00bb][et_pb_divider show_divider=\u00bboff\u00bb _builder_version=\u00bb4.16&#8243; _module_preset=\u00bbdefault\u00bb global_colors_info=\u00bb{}\u00bb][\/et_pb_divider][\/et_pb_column][\/et_pb_row][\/et_pb_section][et_pb_section fb_built=\u00bb1&#8243; custom_padding_last_edited=\u00bbon|phone\u00bb _builder_version=\u00bb4.16&#8243; _module_preset=\u00bbdefault\u00bb width=\u00bb100%\u00bb custom_padding=\u00bb||100px||false|false\u00bb custom_padding_tablet=\u00bb\u00bb custom_padding_phone=\u00bb||50px||false|false\u00bb global_colors_info=\u00bb{}\u00bb][et_pb_row custom_padding_last_edited=\u00bbon|phone\u00bb _builder_version=\u00bb4.16&#8243; _module_preset=\u00bbdefault\u00bb background_color=\u00bb#FFFFFF\u00bb vertical_offset=\u00bb-50px\u00bb custom_padding=\u00bb20px|50px|20px|50px|true|true\u00bb custom_padding_tablet=\u00bb\u00bb custom_padding_phone=\u00bb20px|0px|0px|0px|false|true\u00bb global_colors_info=\u00bb{}\u00bb][et_pb_column type=\u00bb4_4&#8243; _builder_version=\u00bb4.16&#8243; _module_preset=\u00bbdefault\u00bb global_colors_info=\u00bb{}\u00bb][et_pb_text _builder_version=\u00bb4.16&#8243; _module_preset=\u00bbdefault\u00bb header_font=\u00bb||||||||\u00bb header_text_align=\u00bbcenter\u00bb header_text_color=\u00bb#515151&#8243; header_font_size=\u00bb28px\u00bb header_line_height=\u00bb1.2em\u00bb header_font_size_tablet=\u00bb\u00bb header_font_size_phone=\u00bb18px\u00bb header_font_size_last_edited=\u00bbon|phone\u00bb global_colors_info=\u00bb{}\u00bb]<\/p>\n<h1>estamos comprometidos con los principios de responsabilidad y transparencia&#8230; siempre con el objetivo de brindar informaci\u00f3n clara sobre el trabajo que hacemos<\/h1>\n<p>[\/et_pb_text][\/et_pb_column][\/et_pb_row][et_pb_row use_custom_gutter=\u00bbon\u00bb gutter_width=\u00bb2&#8243; make_equal=\u00bbon\u00bb custom_padding_last_edited=\u00bbon|phone\u00bb _builder_version=\u00bb4.16&#8243; _module_preset=\u00bbdefault\u00bb custom_padding_tablet=\u00bb\u00bb custom_padding_phone=\u00bb0px||0px||true|false\u00bb border_width_bottom=\u00bb1px\u00bb border_color_bottom=\u00bb#aaaaaa\u00bb global_colors_info=\u00bb{}\u00bb][et_pb_column type=\u00bb4_4&#8243; _builder_version=\u00bb4.16&#8243; _module_preset=\u00bbdefault\u00bb background_enable_image=\u00bboff\u00bb global_colors_info=\u00bb{}\u00bb][et_pb_text _builder_version=\u00bb4.16&#8243; _module_preset=\u00bbdefault\u00bb header_2_font=\u00bb|600|||||||\u00bb header_2_text_align=\u00bbleft\u00bb header_2_text_color=\u00bb#73bf43&#8243; global_colors_info=\u00bb{}\u00bb]<\/p>\n<h2>Pol\u00edticas<\/h2>\n<p>[\/et_pb_text][\/et_pb_column][\/et_pb_row][et_pb_row column_structure=\u00bb1_2,1_2&#8243; use_custom_gutter=\u00bbon\u00bb gutter_width=\u00bb2&#8243; make_equal=\u00bbon\u00bb _builder_version=\u00bb4.16&#8243; _module_preset=\u00bbdefault\u00bb custom_padding=\u00bb20px||20px||true|false\u00bb global_colors_info=\u00bb{}\u00bb][et_pb_column type=\u00bb1_2&#8243; _builder_version=\u00bb4.16&#8243; _module_preset=\u00bbdefault\u00bb background_enable_image=\u00bboff\u00bb global_colors_info=\u00bb{}\u00bb][et_pb_text _builder_version=\u00bb4.16&#8243; _module_preset=\u00bbdefault\u00bb text_text_color=\u00bb#565656&#8243; text_font_size=\u00bb16px\u00bb custom_padding_tablet=\u00bb\u00bb custom_padding_phone=\u00bb||15px||false|false\u00bb custom_padding_last_edited=\u00bbon|phone\u00bb global_colors_info=\u00bb{}\u00bb]<\/p>\n<p><a href=\"https:\/\/www.meals4hope.org\/es\/wp-content\/uploads\/2021\/04\/safe-guarding.pdf\" target=\"_blank\" rel=\"noopener\"><b>Pol\u00edtica de Protecci\u00f3n<\/b><\/a><span>\u00a0estamos comprometidos a mantener los m\u00e1s altos est\u00e1ndares en la protecci\u00f3n de ni\u00f1os, ni\u00f1as y personas vulnerables.<\/span><\/p>\n<p>[\/et_pb_text][\/et_pb_column][et_pb_column type=\u00bb1_2&#8243; _builder_version=\u00bb4.16&#8243; _module_preset=\u00bbdefault\u00bb background_enable_image=\u00bboff\u00bb global_colors_info=\u00bb{}\u00bb][et_pb_text _builder_version=\u00bb4.16&#8243; _module_preset=\u00bbdefault\u00bb text_text_color=\u00bb#565656&#8243; text_font_size=\u00bb16px\u00bb custom_padding=\u00bb||||false|false\u00bb global_colors_info=\u00bb{}\u00bb]<\/p>\n<p><a href=\"https:\/\/www.meals4hope.org\/es\/wp-content\/uploads\/2021\/04\/anti-fraude.pdf\" target=\"_blank\" rel=\"noopener\"><b>Pol\u00edtica contra el Fraude y la Corrupci\u00f3n<\/b><\/a><span>\u00a0la honestidad, integridad y transparencia son algunos de los valores que defendemos y promovemos.<\/span><\/p>\n<p>[\/et_pb_text][\/et_pb_column][\/et_pb_row][et_pb_row column_structure=\u00bb1_2,1_2&#8243; use_custom_gutter=\u00bbon\u00bb gutter_width=\u00bb2&#8243; make_equal=\u00bbon\u00bb custom_padding_last_edited=\u00bbon|phone\u00bb _builder_version=\u00bb4.27.4&#8243; _module_preset=\u00bbdefault\u00bb custom_padding=\u00bb||30px||false|false\u00bb custom_padding_tablet=\u00bb\u00bb custom_padding_phone=\u00bb0px||0px||true|false\u00bb global_colors_info=\u00bb{}\u00bb][et_pb_column type=\u00bb1_2&#8243; _builder_version=\u00bb4.16&#8243; _module_preset=\u00bbdefault\u00bb background_enable_image=\u00bboff\u00bb global_colors_info=\u00bb{}\u00bb][et_pb_text _builder_version=\u00bb4.27.4&#8243; _module_preset=\u00bbdefault\u00bb text_text_color=\u00bb#565656&#8243; text_font_size=\u00bb16px\u00bb global_colors_info=\u00bb{}\u00bb]<a href=\"https:\/\/www.meals4hope.org\/es\/wp-content\/uploads\/2025\/03\/01-Politica-de-Proteccion-de-Datos.pdf\" target=\"_blank\" rel=\"noopener\"><b>Pol\u00edtica de Privacidad<\/b><\/a><span>\u00a0respetamos la privacidad y estamos firmemente comprometidos a garantizar que los datos personales se mantengan seguros e intactos (documento en ingl\u00e9s).<\/span>[\/et_pb_text][\/et_pb_column][et_pb_column type=\u00bb1_2&#8243; _builder_version=\u00bb4.16&#8243; _module_preset=\u00bbdefault\u00bb background_enable_image=\u00bboff\u00bb global_colors_info=\u00bb{}\u00bb][et_pb_text _builder_version=\u00bb4.16&#8243; _module_preset=\u00bbdefault\u00bb text_text_color=\u00bb#565656&#8243; text_font_size=\u00bb16px\u00bb custom_padding_tablet=\u00bb\u00bb custom_padding_phone=\u00bb15px||||false|false\u00bb custom_padding_last_edited=\u00bbon|phone\u00bb global_colors_info=\u00bb{}\u00bb]<\/p>\n<p><a href=\"https:\/\/www.meals4hope.org\/es\/wp-content\/uploads\/2021\/04\/Protocolo-de-funcionamiento-Covid19.pdf\" target=\"_blank\" rel=\"noopener\"><b>Protocolo de Funcionamiento Covid19<\/b><\/a><span>\u00a0continuamos el apoyo, siempre minimizando riesgos.<\/span><\/p>\n<p>[\/et_pb_text][\/et_pb_column][\/et_pb_row][et_pb_row use_custom_gutter=\u00bbon\u00bb gutter_width=\u00bb2&#8243; make_equal=\u00bbon\u00bb custom_padding_last_edited=\u00bbon|phone\u00bb _builder_version=\u00bb4.16&#8243; _module_preset=\u00bbdefault\u00bb custom_padding=\u00bb20px||||false|false\u00bb custom_padding_tablet=\u00bb\u00bb custom_padding_phone=\u00bb||0px||false|false\u00bb border_width_bottom=\u00bb1px\u00bb border_color_bottom=\u00bb#aaaaaa\u00bb global_colors_info=\u00bb{}\u00bb][et_pb_column type=\u00bb4_4&#8243; _builder_version=\u00bb4.16&#8243; _module_preset=\u00bbdefault\u00bb background_enable_image=\u00bboff\u00bb global_colors_info=\u00bb{}\u00bb][et_pb_text _builder_version=\u00bb4.16&#8243; _module_preset=\u00bbdefault\u00bb header_2_font=\u00bb|600|||||||\u00bb header_2_text_align=\u00bbleft\u00bb header_2_text_color=\u00bb#73bf43&#8243; global_colors_info=\u00bb{}\u00bb]<\/p>\n<h2>Informes<\/h2>\n<p>[\/et_pb_text][\/et_pb_column][\/et_pb_row][et_pb_row column_structure=\u00bb1_2,1_2&#8243; use_custom_gutter=\u00bbon\u00bb gutter_width=\u00bb2&#8243; make_equal=\u00bbon\u00bb custom_padding_last_edited=\u00bbon|phone\u00bb _builder_version=\u00bb4.16&#8243; _module_preset=\u00bbdefault\u00bb custom_padding=\u00bb20px||20px||true|false\u00bb custom_padding_tablet=\u00bb\u00bb custom_padding_phone=\u00bb20px||0px||false|false\u00bb global_colors_info=\u00bb{}\u00bb][et_pb_column type=\u00bb1_2&#8243; _builder_version=\u00bb4.16&#8243; _module_preset=\u00bbdefault\u00bb background_enable_image=\u00bboff\u00bb global_colors_info=\u00bb{}\u00bb][et_pb_blurb title=\u00bbPrevenci\u00f3n y gesti\u00f3n de desastres &#8211; Caso: vaguada en Zea, M\u00e9rida\u00bb url=\u00bbhttps:\/\/www.meals4hope.org\/es\/wp-content\/uploads\/2025\/11\/Pahnal_gestion-de-desastres_m4h_caso-Zea_.pdf\u00bb url_new_window=\u00bbon\u00bb image=\u00bbhttps:\/\/www.meals4hope.org\/es\/wp-content\/uploads\/2025\/11\/gestion-de-desastres-portada.jpg\u00bb alt=\u00bbPlato Sonrisa, un plato que cambia vidas\u00bb _builder_version=\u00bb4.27.4&#8243; _module_preset=\u00bbdefault\u00bb header_line_height=\u00bb1.2em\u00bb custom_padding_tablet=\u00bb\u00bb custom_padding_phone=\u00bb||30px||false|false\u00bb custom_padding_last_edited=\u00bbon|phone\u00bb link_option_url=\u00bbhttps:\/\/www.meals4hope.org\/es\/wp-content\/uploads\/2025\/11\/Pahnal_gestion-de-desastres_m4h_caso-Zea_.pdf\u00bb link_option_url_new_window=\u00bbon\u00bb hover_enabled=\u00bb0&#8243; global_colors_info=\u00bb{}\u00bb title_text=\u00bbgestion de desastres &#8211; portada\u00bb sticky_enabled=\u00bb0&#8243;][\/et_pb_blurb][\/et_pb_column][et_pb_column type=\u00bb1_2&#8243; _builder_version=\u00bb4.16&#8243; _module_preset=\u00bbdefault\u00bb background_enable_image=\u00bboff\u00bb global_colors_info=\u00bb{}\u00bb][\/et_pb_column][\/et_pb_row][et_pb_row column_structure=\u00bb1_2,1_2&#8243; use_custom_gutter=\u00bbon\u00bb gutter_width=\u00bb2&#8243; make_equal=\u00bbon\u00bb custom_padding_last_edited=\u00bbon|phone\u00bb _builder_version=\u00bb4.16&#8243; _module_preset=\u00bbdefault\u00bb custom_padding=\u00bb20px||20px||true|false\u00bb custom_padding_tablet=\u00bb\u00bb custom_padding_phone=\u00bb20px||0px||false|false\u00bb global_colors_info=\u00bb{}\u00bb][et_pb_column type=\u00bb1_2&#8243; _builder_version=\u00bb4.16&#8243; _module_preset=\u00bbdefault\u00bb background_enable_image=\u00bboff\u00bb global_colors_info=\u00bb{}\u00bb][et_pb_blurb title=\u00bbComunicado Octubre 2024&#8243; url=\u00bbhttps:\/\/www.meals4hope.org\/es\/wp-content\/uploads\/2025\/02\/Communicado-25-Octubre-2024.pdf\u00bb url_new_window=\u00bbon\u00bb alt=\u00bbPlato Sonrisa, un plato que cambia vidas\u00bb _builder_version=\u00bb4.27.4&#8243; _module_preset=\u00bbdefault\u00bb header_text_color=\u00bb#0C71C3&#8243; header_font_size=\u00bb22px\u00bb header_line_height=\u00bb1.2em\u00bb custom_padding_tablet=\u00bb\u00bb custom_padding_phone=\u00bb||30px||false|false\u00bb custom_padding_last_edited=\u00bbon|phone\u00bb link_option_url=\u00bbhttps:\/\/www.meals4hope.org\/es\/wp-content\/uploads\/2025\/02\/Communicado-25-Octubre-2024.pdf\u00bb link_option_url_new_window=\u00bbon\u00bb global_colors_info=\u00bb{}\u00bb][\/et_pb_blurb][\/et_pb_column][et_pb_column type=\u00bb1_2&#8243; _builder_version=\u00bb4.16&#8243; _module_preset=\u00bbdefault\u00bb background_enable_image=\u00bboff\u00bb global_colors_info=\u00bb{}\u00bb][\/et_pb_column][\/et_pb_row][et_pb_row column_structure=\u00bb1_2,1_2&#8243; use_custom_gutter=\u00bbon\u00bb gutter_width=\u00bb2&#8243; make_equal=\u00bbon\u00bb custom_padding_last_edited=\u00bbon|phone\u00bb _builder_version=\u00bb4.16&#8243; _module_preset=\u00bbdefault\u00bb custom_padding=\u00bb20px||20px||true|false\u00bb custom_padding_tablet=\u00bb\u00bb custom_padding_phone=\u00bb20px||0px||false|false\u00bb global_colors_info=\u00bb{}\u00bb][et_pb_column type=\u00bb1_2&#8243; _builder_version=\u00bb4.16&#8243; _module_preset=\u00bbdefault\u00bb background_enable_image=\u00bboff\u00bb global_colors_info=\u00bb{}\u00bb][et_pb_blurb title=\u00bbMemoria de Actividades 2023&#8243; url=\u00bbhttps:\/\/www.meals4hope.org\/es\/wp-content\/uploads\/2024\/09\/Meals4Hope_Memoria-2023.pdf\u00bb url_new_window=\u00bbon\u00bb image=\u00bbhttps:\/\/www.meals4hope.org\/es\/wp-content\/uploads\/2025\/02\/Memoria-2023-portada.jpg\u00bb alt=\u00bbPlato Sonrisa, un plato que cambia vidas\u00bb _builder_version=\u00bb4.27.4&#8243; _module_preset=\u00bbdefault\u00bb header_line_height=\u00bb1.2em\u00bb custom_padding_tablet=\u00bb\u00bb custom_padding_phone=\u00bb||30px||false|false\u00bb custom_padding_last_edited=\u00bbon|phone\u00bb link_option_url=\u00bbhttps:\/\/www.meals4hope.org\/es\/wp-content\/uploads\/2024\/09\/Meals4Hope_Memoria-2023.pdf\u00bb link_option_url_new_window=\u00bbon\u00bb global_colors_info=\u00bb{}\u00bb][\/et_pb_blurb][\/et_pb_column][et_pb_column type=\u00bb1_2&#8243; _builder_version=\u00bb4.16&#8243; _module_preset=\u00bbdefault\u00bb background_enable_image=\u00bboff\u00bb global_colors_info=\u00bb{}\u00bb][et_pb_blurb title=\u00bbEncuesta sobre Higiene Menstrual &#8211; abril 2021&#8243; url=\u00bbhttps:\/\/www.meals4hope.org\/es\/wp-content\/uploads\/2021\/06\/m4h_encuestaSaludMenstrual_0421.pdf\u00bb url_new_window=\u00bbon\u00bb image=\u00bbhttps:\/\/www.meals4hope.org\/es\/wp-content\/uploads\/2021\/06\/HigieneMenstrual.jpg\u00bb alt=\u00bbEncuesta Higiene Menstrual 2021&#8243; _builder_version=\u00bb4.16&#8243; _module_preset=\u00bbdefault\u00bb header_line_height=\u00bb1.2em\u00bb custom_padding_tablet=\u00bb\u00bb custom_padding_phone=\u00bb||30px||false|false\u00bb custom_padding_last_edited=\u00bbon|phone\u00bb link_option_url=\u00bbhttps:\/\/www.meals4hope.org\/es\/wp-content\/uploads\/2021\/06\/m4h_encuestaSaludMenstrual_0421.pdf\u00bb link_option_url_new_window=\u00bbon\u00bb hover_enabled=\u00bb0&#8243; global_colors_info=\u00bb{}\u00bb sticky_enabled=\u00bb0&#8243;][\/et_pb_blurb][\/et_pb_column][\/et_pb_row][et_pb_row column_structure=\u00bb1_2,1_2&#8243; use_custom_gutter=\u00bbon\u00bb gutter_width=\u00bb2&#8243; make_equal=\u00bbon\u00bb custom_padding_last_edited=\u00bbon|phone\u00bb _builder_version=\u00bb4.16&#8243; _module_preset=\u00bbdefault\u00bb custom_padding=\u00bb20px||20px||true|false\u00bb custom_padding_tablet=\u00bb\u00bb custom_padding_phone=\u00bb20px||0px||false|false\u00bb global_colors_info=\u00bb{}\u00bb][et_pb_column type=\u00bb1_2&#8243; _builder_version=\u00bb4.16&#8243; _module_preset=\u00bbdefault\u00bb background_enable_image=\u00bboff\u00bb global_colors_info=\u00bb{}\u00bb][et_pb_blurb title=\u00bbVilla Esperanza enero-abril 2020 actividades, desaf\u00edos y metas cumplidas en el programa nutricional en Villa Esperanza.\u00bb url=\u00bbhttps:\/\/www.meals4hope.org\/es\/wp-content\/uploads\/2021\/04\/informe-avance-enero-abril-2020-villa-esperanza.pdf\u00bb url_new_window=\u00bbon\u00bb image=\u00bbhttps:\/\/www.meals4hope.org\/es\/wp-content\/uploads\/2021\/04\/Informe-avance-enero-abril-2020.jpg\u00bb alt=\u00bbInforme avance enero-abril-2020&#8243; _builder_version=\u00bb4.16&#8243; _module_preset=\u00bbdefault\u00bb header_line_height=\u00bb1.2em\u00bb link_option_url=\u00bbhttps:\/\/www.meals4hope.org\/es\/wp-content\/uploads\/2021\/04\/informe-avance-enero-abril-2020-villa-esperanza.pdf\u00bb link_option_url_new_window=\u00bbon\u00bb global_colors_info=\u00bb{}\u00bb][\/et_pb_blurb][\/et_pb_column][et_pb_column type=\u00bb1_2&#8243; _builder_version=\u00bb4.16&#8243; _module_preset=\u00bbdefault\u00bb background_enable_image=\u00bboff\u00bb global_colors_info=\u00bb{}\u00bb][et_pb_blurb title=\u00bbMemoria 2018 actividades desarrolladas y metas alcanzadas en 2018.\u00bb url=\u00bbhttps:\/\/www.meals4hope.org\/es\/wp-content\/uploads\/2021\/04\/memoria-2018-2019.pdf\u00bb url_new_window=\u00bbon\u00bb image=\u00bbhttps:\/\/www.meals4hope.org\/es\/wp-content\/uploads\/2021\/04\/memoria-2018-2019.jpg\u00bb alt=\u00bbMemoria 2018-2019&#8243; _builder_version=\u00bb4.16&#8243; _module_preset=\u00bbdefault\u00bb header_line_height=\u00bb1.2em\u00bb custom_padding_tablet=\u00bb\u00bb custom_padding_phone=\u00bb||30px||false|false\u00bb custom_padding_last_edited=\u00bbon|phone\u00bb link_option_url=\u00bbhttps:\/\/www.meals4hope.org\/es\/wp-content\/uploads\/2021\/04\/memoria-2018-2019.pdf\u00bb link_option_url_new_window=\u00bbon\u00bb global_colors_info=\u00bb{}\u00bb][\/et_pb_blurb][\/et_pb_column][\/et_pb_row][\/et_pb_section]<\/p>\n","protected":false},"excerpt":{"rendered":"<p>estamos comprometidos con los principios de responsabilidad y transparencia&#8230; siempre con el objetivo de brindar informaci\u00f3n clara sobre el trabajo que hacemosPol\u00edticasPol\u00edtica de Protecci\u00f3n\u00a0estamos comprometidos a mantener los m\u00e1s altos est\u00e1ndares en la protecci\u00f3n de ni\u00f1os, ni\u00f1as y personas vulnerables.Pol\u00edtica contra el Fraude y la Corrupci\u00f3n\u00a0la honestidad, integridad y transparencia son algunos de los valores [&hellip;]<\/p>\n","protected":false},"author":1,"featured_media":0,"parent":1502,"menu_order":0,"comment_status":"closed","ping_status":"closed","template":"","meta":{"_et_pb_use_builder":"on","_et_pb_old_content":"","_et_gb_content_width":"","footnotes":""},"class_list":["post-1545","page","type-page","status-publish","hentry"],"yoast_head":"<!-- This site is optimized with the Yoast SEO plugin v27.4 - https:\/\/yoast.com\/product\/yoast-seo-wordpress\/ -->\n<title>Pol\u00edticas e informes - Meals4Hope<\/title>\n<meta name=\"robots\" content=\"index, follow, max-snippet:-1, max-image-preview:large, max-video-preview:-1\" \/>\n<link rel=\"canonical\" href=\"https:\/\/www.meals4hope.org\/es\/quienes-somos\/politicas-e-informes\/\" \/>\n<meta property=\"og:locale\" content=\"es_ES\" \/>\n<meta property=\"og:type\" content=\"article\" \/>\n<meta property=\"og:title\" content=\"Pol\u00edticas e informes - Meals4Hope\" \/>\n<meta property=\"og:description\" content=\"estamos comprometidos con los principios de responsabilidad y transparencia... siempre con el objetivo de brindar informaci\u00f3n clara sobre el trabajo que hacemosPol\u00edticasPol\u00edtica de Protecci\u00f3n\u00a0estamos comprometidos a mantener los m\u00e1s altos est\u00e1ndares en la protecci\u00f3n de ni\u00f1os, ni\u00f1as y personas vulnerables.Pol\u00edtica contra el Fraude y la Corrupci\u00f3n\u00a0la honestidad, integridad y transparencia son algunos de los valores [&hellip;]\" \/>\n<meta property=\"og:url\" content=\"https:\/\/www.meals4hope.org\/es\/quienes-somos\/politicas-e-informes\/\" \/>\n<meta property=\"og:site_name\" content=\"Meals4Hope\" \/>\n<meta property=\"article:publisher\" content=\"https:\/\/www.facebook.com\/meals4hope\" \/>\n<meta property=\"article:modified_time\" content=\"2025-11-16T14:00:16+00:00\" \/>\n<meta name=\"twitter:card\" content=\"summary_large_image\" \/>\n<meta name=\"twitter:site\" content=\"@meals4hope\" \/>\n<script type=\"application\/ld+json\" class=\"yoast-schema-graph\">{\"@context\":\"https:\\\/\\\/schema.org\",\"@graph\":[{\"@type\":\"WebPage\",\"@id\":\"https:\\\/\\\/www.meals4hope.org\\\/es\\\/quienes-somos\\\/politicas-e-informes\\\/\",\"url\":\"https:\\\/\\\/www.meals4hope.org\\\/es\\\/quienes-somos\\\/politicas-e-informes\\\/\",\"name\":\"Pol\u00edticas e informes - Meals4Hope\",\"isPartOf\":{\"@id\":\"https:\\\/\\\/www.meals4hope.org\\\/es\\\/#website\"},\"datePublished\":\"2021-04-21T21:15:01+00:00\",\"dateModified\":\"2025-11-16T14:00:16+00:00\",\"breadcrumb\":{\"@id\":\"https:\\\/\\\/www.meals4hope.org\\\/es\\\/quienes-somos\\\/politicas-e-informes\\\/#breadcrumb\"},\"inLanguage\":\"es\",\"potentialAction\":[{\"@type\":\"ReadAction\",\"target\":[\"https:\\\/\\\/www.meals4hope.org\\\/es\\\/quienes-somos\\\/politicas-e-informes\\\/\"]}]},{\"@type\":\"BreadcrumbList\",\"@id\":\"https:\\\/\\\/www.meals4hope.org\\\/es\\\/quienes-somos\\\/politicas-e-informes\\\/#breadcrumb\",\"itemListElement\":[{\"@type\":\"ListItem\",\"position\":1,\"name\":\"Portada\",\"item\":\"https:\\\/\\\/www.meals4hope.org\\\/es\\\/\"},{\"@type\":\"ListItem\",\"position\":2,\"name\":\"Qui\u00e9nes somos\",\"item\":\"https:\\\/\\\/www.meals4hope.org\\\/es\\\/quienes-somos\\\/\"},{\"@type\":\"ListItem\",\"position\":3,\"name\":\"Pol\u00edticas e informes\"}]},{\"@type\":\"WebSite\",\"@id\":\"https:\\\/\\\/www.meals4hope.org\\\/es\\\/#website\",\"url\":\"https:\\\/\\\/www.meals4hope.org\\\/es\\\/\",\"name\":\"Meals4Hope\",\"description\":\"Con trabajo voluntario, participaci\u00f3n de la comunidad, solidaridad y cooperaci\u00f3n, sembramos juntos esperanza por un mundo mejor\",\"publisher\":{\"@id\":\"https:\\\/\\\/www.meals4hope.org\\\/es\\\/#organization\"},\"potentialAction\":[{\"@type\":\"SearchAction\",\"target\":{\"@type\":\"EntryPoint\",\"urlTemplate\":\"https:\\\/\\\/www.meals4hope.org\\\/es\\\/?s={search_term_string}\"},\"query-input\":{\"@type\":\"PropertyValueSpecification\",\"valueRequired\":true,\"valueName\":\"search_term_string\"}}],\"inLanguage\":\"es\"},{\"@type\":\"Organization\",\"@id\":\"https:\\\/\\\/www.meals4hope.org\\\/es\\\/#organization\",\"name\":\"Meals4Hope\",\"url\":\"https:\\\/\\\/www.meals4hope.org\\\/es\\\/\",\"logo\":{\"@type\":\"ImageObject\",\"inLanguage\":\"es\",\"@id\":\"https:\\\/\\\/www.meals4hope.org\\\/es\\\/#\\\/schema\\\/logo\\\/image\\\/\",\"url\":\"https:\\\/\\\/www.meals4hope.org\\\/es\\\/wp-content\\\/uploads\\\/2021\\\/04\\\/Meals4hope.png\",\"contentUrl\":\"https:\\\/\\\/www.meals4hope.org\\\/es\\\/wp-content\\\/uploads\\\/2021\\\/04\\\/Meals4hope.png\",\"width\":200,\"height\":115,\"caption\":\"Meals4Hope\"},\"image\":{\"@id\":\"https:\\\/\\\/www.meals4hope.org\\\/es\\\/#\\\/schema\\\/logo\\\/image\\\/\"},\"sameAs\":[\"https:\\\/\\\/www.facebook.com\\\/meals4hope\",\"https:\\\/\\\/x.com\\\/meals4hope\",\"https:\\\/\\\/www.instagram.com\\\/meals4hope\\\/\",\"https:\\\/\\\/www.youtube.com\\\/channel\\\/UCnGyl_rfBJb7dK0HaFWwcew\"]}]}<\/script>\n<!-- \/ Yoast SEO plugin. -->","yoast_head_json":{"title":"Pol\u00edticas e informes - Meals4Hope","robots":{"index":"index","follow":"follow","max-snippet":"max-snippet:-1","max-image-preview":"max-image-preview:large","max-video-preview":"max-video-preview:-1"},"canonical":"https:\/\/www.meals4hope.org\/es\/quienes-somos\/politicas-e-informes\/","og_locale":"es_ES","og_type":"article","og_title":"Pol\u00edticas e informes - Meals4Hope","og_description":"estamos comprometidos con los principios de responsabilidad y transparencia... siempre con el objetivo de brindar informaci\u00f3n clara sobre el trabajo que hacemosPol\u00edticasPol\u00edtica de Protecci\u00f3n\u00a0estamos comprometidos a mantener los m\u00e1s altos est\u00e1ndares en la protecci\u00f3n de ni\u00f1os, ni\u00f1as y personas vulnerables.Pol\u00edtica contra el Fraude y la Corrupci\u00f3n\u00a0la honestidad, integridad y transparencia son algunos de los valores [&hellip;]","og_url":"https:\/\/www.meals4hope.org\/es\/quienes-somos\/politicas-e-informes\/","og_site_name":"Meals4Hope","article_publisher":"https:\/\/www.facebook.com\/meals4hope","article_modified_time":"2025-11-16T14:00:16+00:00","twitter_card":"summary_large_image","twitter_site":"@meals4hope","schema":{"@context":"https:\/\/schema.org","@graph":[{"@type":"WebPage","@id":"https:\/\/www.meals4hope.org\/es\/quienes-somos\/politicas-e-informes\/","url":"https:\/\/www.meals4hope.org\/es\/quienes-somos\/politicas-e-informes\/","name":"Pol\u00edticas e informes - Meals4Hope","isPartOf":{"@id":"https:\/\/www.meals4hope.org\/es\/#website"},"datePublished":"2021-04-21T21:15:01+00:00","dateModified":"2025-11-16T14:00:16+00:00","breadcrumb":{"@id":"https:\/\/www.meals4hope.org\/es\/quienes-somos\/politicas-e-informes\/#breadcrumb"},"inLanguage":"es","potentialAction":[{"@type":"ReadAction","target":["https:\/\/www.meals4hope.org\/es\/quienes-somos\/politicas-e-informes\/"]}]},{"@type":"BreadcrumbList","@id":"https:\/\/www.meals4hope.org\/es\/quienes-somos\/politicas-e-informes\/#breadcrumb","itemListElement":[{"@type":"ListItem","position":1,"name":"Portada","item":"https:\/\/www.meals4hope.org\/es\/"},{"@type":"ListItem","position":2,"name":"Qui\u00e9nes somos","item":"https:\/\/www.meals4hope.org\/es\/quienes-somos\/"},{"@type":"ListItem","position":3,"name":"Pol\u00edticas e informes"}]},{"@type":"WebSite","@id":"https:\/\/www.meals4hope.org\/es\/#website","url":"https:\/\/www.meals4hope.org\/es\/","name":"Meals4Hope","description":"Con trabajo voluntario, participaci\u00f3n de la comunidad, solidaridad y cooperaci\u00f3n, sembramos juntos esperanza por un mundo mejor","publisher":{"@id":"https:\/\/www.meals4hope.org\/es\/#organization"},"potentialAction":[{"@type":"SearchAction","target":{"@type":"EntryPoint","urlTemplate":"https:\/\/www.meals4hope.org\/es\/?s={search_term_string}"},"query-input":{"@type":"PropertyValueSpecification","valueRequired":true,"valueName":"search_term_string"}}],"inLanguage":"es"},{"@type":"Organization","@id":"https:\/\/www.meals4hope.org\/es\/#organization","name":"Meals4Hope","url":"https:\/\/www.meals4hope.org\/es\/","logo":{"@type":"ImageObject","inLanguage":"es","@id":"https:\/\/www.meals4hope.org\/es\/#\/schema\/logo\/image\/","url":"https:\/\/www.meals4hope.org\/es\/wp-content\/uploads\/2021\/04\/Meals4hope.png","contentUrl":"https:\/\/www.meals4hope.org\/es\/wp-content\/uploads\/2021\/04\/Meals4hope.png","width":200,"height":115,"caption":"Meals4Hope"},"image":{"@id":"https:\/\/www.meals4hope.org\/es\/#\/schema\/logo\/image\/"},"sameAs":["https:\/\/www.facebook.com\/meals4hope","https:\/\/x.com\/meals4hope","https:\/\/www.instagram.com\/meals4hope\/","https:\/\/www.youtube.com\/channel\/UCnGyl_rfBJb7dK0HaFWwcew"]}]}},"_links":{"self":[{"href":"https:\/\/www.meals4hope.org\/es\/wp-json\/wp\/v2\/pages\/1545","targetHints":{"allow":["GET"]}}],"collection":[{"href":"https:\/\/www.meals4hope.org\/es\/wp-json\/wp\/v2\/pages"}],"about":[{"href":"https:\/\/www.meals4hope.org\/es\/wp-json\/wp\/v2\/types\/page"}],"author":[{"embeddable":true,"href":"https:\/\/www.meals4hope.org\/es\/wp-json\/wp\/v2\/users\/1"}],"replies":[{"embeddable":true,"href":"https:\/\/www.meals4hope.org\/es\/wp-json\/wp\/v2\/comments?post=1545"}],"version-history":[{"count":0,"href":"https:\/\/www.meals4hope.org\/es\/wp-json\/wp\/v2\/pages\/1545\/revisions"}],"up":[{"embeddable":true,"href":"https:\/\/www.meals4hope.org\/es\/wp-json\/wp\/v2\/pages\/1502"}],"wp:attachment":[{"href":"https:\/\/www.meals4hope.org\/es\/wp-json\/wp\/v2\/media?parent=1545"}],"curies":[{"name":"wp","href":"https:\/\/api.w.org\/{rel}","templated":true}]}}