{"id":1521,"date":"2021-04-21T19:55:52","date_gmt":"2021-04-21T19:55:52","guid":{"rendered":"https:\/\/meals4hope.sisteg.net\/?page_id=1521"},"modified":"2025-06-10T19:54:40","modified_gmt":"2025-06-10T17:54:40","slug":"junta-directiva","status":"publish","type":"page","link":"https:\/\/www.meals4hope.org\/es\/quienes-somos\/nuestro-equipo\/junta-directiva\/","title":{"rendered":"Patronato"},"content":{"rendered":"\n[et_pb_section fb_built=\u00bb1&#8243; custom_padding_last_edited=\u00bbon|phone\u00bb _builder_version=\u00bb4.16&#8243; _module_preset=\u00bbdefault\u00bb background_image=\u00bbhttps:\/\/www.meals4hope.org\/es\/wp-content\/uploads\/2021\/04\/our-team-1.jpg\u00bb background_position=\u00bbtop_center\u00bb custom_margin=\u00bb137px||||false|false\u00bb custom_margin_tablet=\u00bb\u00bb custom_margin_phone=\u00bb96px||||false|false\u00bb custom_margin_last_edited=\u00bbon|phone\u00bb custom_padding=\u00bb190px||190px||true|false\u00bb custom_padding_tablet=\u00bb\u00bb custom_padding_phone=\u00bb100px||100px||true|false\u00bb global_colors_info=\u00bb{}\u00bb][et_pb_row _builder_version=\u00bb4.16&#8243; _module_preset=\u00bbdefault\u00bb background_enable_color=\u00bboff\u00bb global_colors_info=\u00bb{}\u00bb][et_pb_column type=\u00bb4_4&#8243; _builder_version=\u00bb4.16&#8243; _module_preset=\u00bbdefault\u00bb global_colors_info=\u00bb{}\u00bb][et_pb_divider show_divider=\u00bboff\u00bb _builder_version=\u00bb4.16&#8243; _module_preset=\u00bbdefault\u00bb global_colors_info=\u00bb{}\u00bb][\/et_pb_divider][\/et_pb_column][\/et_pb_row][\/et_pb_section][et_pb_section fb_built=\u00bb1&#8243; _builder_version=\u00bb4.16&#8243; _module_preset=\u00bbdefault\u00bb custom_padding=\u00bb||100px||false|false\u00bb global_colors_info=\u00bb{}\u00bb][et_pb_row custom_padding_last_edited=\u00bbon|phone\u00bb _builder_version=\u00bb4.16&#8243; _module_preset=\u00bbdefault\u00bb background_color=\u00bb#FFFFFF\u00bb vertical_offset=\u00bb-50px\u00bb custom_padding=\u00bb20px|50px|20px|50px|true|true\u00bb custom_padding_tablet=\u00bb\u00bb custom_padding_phone=\u00bb20px|0px|0px|0px|false|true\u00bb global_colors_info=\u00bb{}\u00bb][et_pb_column type=\u00bb4_4&#8243; _builder_version=\u00bb4.16&#8243; _module_preset=\u00bbdefault\u00bb global_colors_info=\u00bb{}\u00bb][et_pb_text _builder_version=\u00bb4.16&#8243; _module_preset=\u00bbdefault\u00bb header_font=\u00bb||||||||\u00bb header_text_align=\u00bbcenter\u00bb header_text_color=\u00bb#515151&#8243; header_font_size=\u00bb28px\u00bb header_line_height=\u00bb1.2em\u00bb header_font_size_tablet=\u00bb\u00bb header_font_size_phone=\u00bb18px\u00bb header_font_size_last_edited=\u00bbon|phone\u00bb global_colors_info=\u00bb{}\u00bb]<h1>gente dedicada y sensible, siempre dispuestos a ayudar, nuestra junta directiva y equipo coordinador aseguran que nuestro trabajo se mantenga en l\u00ednea con nuestra misi\u00f3n y visi\u00f3n<\/h1>[\/et_pb_text][\/et_pb_column][\/et_pb_row][et_pb_row use_custom_gutter=\u00bbon\u00bb gutter_width=\u00bb2&#8243; make_equal=\u00bbon\u00bb custom_padding_last_edited=\u00bbon|phone\u00bb admin_label=\u00bbBoard\u00bb _builder_version=\u00bb4.16&#8243; _module_preset=\u00bbdefault\u00bb custom_padding_tablet=\u00bb\u00bb custom_padding_phone=\u00bb0px||0px||true|false\u00bb border_width_bottom=\u00bb1px\u00bb border_color_bottom=\u00bb#aaaaaa\u00bb global_colors_info=\u00bb{}\u00bb][et_pb_column type=\u00bb4_4&#8243; _builder_version=\u00bb4.16&#8243; _module_preset=\u00bbdefault\u00bb background_enable_image=\u00bboff\u00bb global_colors_info=\u00bb{}\u00bb][et_pb_text _builder_version=\u00bb4.16&#8243; _module_preset=\u00bbdefault\u00bb header_2_font=\u00bb|600|||||||\u00bb header_2_text_align=\u00bbleft\u00bb header_2_text_color=\u00bb#545454&#8243; global_colors_info=\u00bb{}\u00bb custom_padding=\u00bb||0px|||\u00bb]<h2>Patronato<\/h2>\n<p>&nbsp;<\/p>[\/et_pb_text][\/et_pb_column][\/et_pb_row][et_pb_row custom_padding_last_edited=\u00bbon|phone\u00bb _builder_version=\u00bb4.16&#8243; _module_preset=\u00bbdefault\u00bb custom_padding_tablet=\u00bb\u00bb custom_padding_phone=\u00bb0px||0px||false|false\u00bb global_colors_info=\u00bb{}\u00bb][et_pb_column type=\u00bb4_4&#8243; _builder_version=\u00bb4.16&#8243; _module_preset=\u00bbdefault\u00bb global_colors_info=\u00bb{}\u00bb][et_pb_team_member name=\u00bbCarolina de Oteyza\u00bb image_url=\u00bbhttps:\/\/www.meals4hope.org\/es\/wp-content\/uploads\/2021\/04\/Carolina-Oteyza.jpg\u00bb use_icon_font_size=\u00bbon\u00bb _builder_version=\u00bb4.16&#8243; _module_preset=\u00bbdefault\u00bb header_font=\u00bb|600|||||||\u00bb custom_padding=\u00bb20px||20px||true|false\u00bb custom_css_member_image=\u00bbwidth: 130px;\u00bb border_radii_image=\u00bbon|554px|554px|554px|554px\u00bb global_colors_info=\u00bb{}\u00bb]Carolina es fundadora y presidenta de Meals4Hope, llevando la coordinaci\u00f3n general de los proyectos de alimentaci\u00f3n y recuperaci\u00f3n nutricional de ni\u00f1os en Venezuela y coordinando, junto con los distintos equipos de voluntarios, el apoyo humanitario a Venezuela desde el exterior. Carolina es urbanista de la Universidad Sim\u00f3n Bol\u00edvar, con maestr\u00edas de Teolog\u00eda, Justicia y Paz de la Universidad del Estado de Nueva York y de Investigaci\u00f3n y Educaci\u00f3n en Estudios de G\u00e9nero y Ciudadan\u00eda de la Universidad Jaume I. Desde 1982 ha trabajado en dise\u00f1o, coordinaci\u00f3n y evaluaci\u00f3n de proyectos sociales de desarrollo para la superaci\u00f3n de la pobreza con participaci\u00f3n de la comunidad, as\u00ed como proyectos de desarrollo local y comunitario, fortalecimiento de la mujer, investigaci\u00f3n participativa, entrenamiento y educaci\u00f3n de sectores populares. Desde 2016 trabaja tiempo completo, de manera voluntaria, con Meals4Hope, canalizando solidaridad y desarrollando proyectos que den respuesta a la emergencia humanitaria que vive Venezuela, especialmente al hambre y la desnutrici\u00f3n infantil.[\/et_pb_team_member][et_pb_team_member name=\u00bbSantiago Plana\u00bb image_url=\u00bbhttps:\/\/www.meals4hope.org\/es\/wp-content\/uploads\/2021\/04\/Santiago-Plana.jpg\u00bb use_icon_font_size=\u00bbon\u00bb _builder_version=\u00bb4.16&#8243; _module_preset=\u00bbdefault\u00bb header_font=\u00bb|600|||||||\u00bb custom_padding=\u00bb20px||20px||true|false\u00bb custom_css_member_image=\u00bbwidth: 130px;\u00bb border_radii_image=\u00bbon|554px|554px|554px|554px\u00bb global_colors_info=\u00bb{}\u00bb]<p>Santiago es vicepresidente de Meals4Hope desde su fundaci\u00f3n. Es matem\u00e1tico graduado en la Universidad de Edimburgo, con estudios de ciencias actuariales en The Institute of Actuaries. Santiago ha trabajado como analista de datos y actuario, coordinando equipos y proyectos a diversas escalas, adem\u00e1s de trabajar como voluntario en varios proyectos en Venezuela, Reino Unido y Australia. Santiago colabora ampliamente con los programas y actividades que desarrolla Meals4Hope y provee asistencia t\u00e9cnica en contabilidad y base de datos.<\/p>[\/et_pb_team_member][et_pb_team_member name=\u00bbVanessa Santamaria\u00bb image_url=\u00bbhttps:\/\/www.meals4hope.org\/es\/wp-content\/uploads\/2021\/04\/Vanessa-Santamaria.jpg\u00bb use_icon_font_size=\u00bbon\u00bb _builder_version=\u00bb4.16&#8243; _module_preset=\u00bbdefault\u00bb header_font=\u00bb|600|||||||\u00bb custom_padding=\u00bb20px||20px||true|false\u00bb custom_css_member_image=\u00bbwidth: 130px;\u00bb border_radii_image=\u00bbon|554px|554px|554px|554px\u00bb global_colors_info=\u00bb{}\u00bb]Vanessa trabaja con Meals4Hope desde su fundaci\u00f3n y es miembro de la directiva desde enero 2017. Graduada de la Universidad de Florida en Ciencia de los Animales, tiene maestr\u00edas en Etolog\u00eda Aplicada y Ecolog\u00eda y Gesti\u00f3n con la Universidad de Barcelona y habla tres idiomas. Desde 2006, ha realizado actividades de voluntariado en proyectos ambientales y sociales en Estados Unidos, Australia, el Reino Unido y Espa\u00f1a. Vanessa colabora activamente en diversas actividades que realiza Meals4Hope, particularmente promoviendo eventos de recolecci\u00f3n de fondos y donativos y organizando env\u00edos de medicinas, alimentos y otros insumos a Venezuela.[\/et_pb_team_member][et_pb_team_member name=\u00bb Luis Ignacio Abad\u00bb image_url=\u00bbhttps:\/\/www.meals4hope.org\/es\/wp-content\/uploads\/2021\/04\/Luis-Abad.jpg\u00bb use_icon_font_size=\u00bbon\u00bb _builder_version=\u00bb4.16&#8243; _module_preset=\u00bbdefault\u00bb header_font=\u00bb|600|||||||\u00bb custom_padding=\u00bb20px||20px||true|false\u00bb custom_css_member_image=\u00bbwidth: 130px;\u00bb border_radii_image=\u00bbon|554px|554px|554px|554px\u00bb global_colors_info=\u00bb{}\u00bb]Nacho es miembro del equipo directivo de Meals4hope desde enero 2017. Es Ingeniero de Producci\u00f3n de la Universidad Sim\u00f3n Bol\u00edvar, con maestr\u00eda en Finanzas y Estrategia de Sciences Po Paris y habla cinco idiomas. Nacho ha sido consultor de programaci\u00f3n y desarrollo tecnol\u00f3gico, adem\u00e1s de fundar una empresa social basada en un proyecto educativo para ni\u00f1os. Adem\u00e1s de su trabajo en la junta directiva, Nacho provee asistencia t\u00e9cnica y en \u00e1reas de programaci\u00f3n a la asociaci\u00f3n.[\/et_pb_team_member][et_pb_team_member name=\u00bbIsabel de Oteyza\u00bb image_url=\u00bbhttps:\/\/www.meals4hope.org\/es\/wp-content\/uploads\/2021\/04\/isabel.jpg\u00bb use_icon_font_size=\u00bbon\u00bb _builder_version=\u00bb4.16&#8243; _module_preset=\u00bbdefault\u00bb header_font=\u00bb|600|||||||\u00bb custom_padding=\u00bb20px||20px||true|false\u00bb custom_css_member_image=\u00bbwidth: 130px;\u00bb border_radii_image=\u00bbon|554px|554px|554px|554px\u00bb global_colors_info=\u00bb{}\u00bb]Isabel ha colaborado con Meals4Hope desde el inicio y forma parte de la junta directiva desde el 2020. Estudi\u00f3 Educaci\u00f3n Preescolar en la Universidad Metropolitana en Venezuela. Tiene una amplia experiencia en administraci\u00f3n, siendo directora de escuela y llevando una librer\u00eda durante muchos a\u00f1os. Siempre dispuesta a ayudar y con buen don de gente, adem\u00e1s de su trabajo en la junta directiva, Isabel es parte del equipo voluntario de Madrid, ayudando con eventos de recolecci\u00f3n de fondos, coordinando colaboraciones con otras organizaciones y organizando el env\u00edo de ayuda humanitaria a Venezuela.[\/et_pb_team_member][et_pb_team_member name=\u00bbItalo A. Pizzolante\u00bb image_url=\u00bbhttps:\/\/www.meals4hope.org\/es\/wp-content\/uploads\/2021\/04\/Italo.jpg\u00bb use_icon_font_size=\u00bbon\u00bb _builder_version=\u00bb4.16&#8243; _module_preset=\u00bbdefault\u00bb header_font=\u00bb|600|||||||\u00bb custom_padding=\u00bb20px||20px||true|false\u00bb custom_css_member_image=\u00bbwidth: 130px;\u00bb border_radii_image=\u00bbon|554px|554px|554px|554px\u00bb global_colors_info=\u00bb{}\u00bb]Italo ha trabajado con Meals4Hope desde el 2017. En su d\u00eda a d\u00eda trabaja como consultor, ayudando a empresas en mercados emergentes a crecer y comunicarse mejor. Tiene una maestr\u00eda en Comercio Internacional de la IE Business School en Espa\u00f1a y estudios en Ingenier\u00eda de Sonido, siendo parte de una banda musical por muchos a\u00f1os \u2013 con ellos hizo tour por Venezuela y se enamor\u00f3 de su pa\u00eds natal. Actualmente vive en M\u00e9xico, luego de haber vivido en Espa\u00f1a y viajado extensamente por Asia. Adem\u00e1s de su trabajo en la junta directiva, Italo contribuye en varios proyectos en \u00e1reas de comunicaci\u00f3n y recolecci\u00f3n de fondos.[\/et_pb_team_member][\/et_pb_column][\/et_pb_row][et_pb_row use_custom_gutter=\u00bbon\u00bb gutter_width=\u00bb2&#8243; make_equal=\u00bbon\u00bb custom_padding_last_edited=\u00bbon|phone\u00bb admin_label=\u00bbCoordinating team in Venezuela\u00bb _builder_version=\u00bb4.16&#8243; _module_preset=\u00bbdefault\u00bb custom_padding=\u00bb50px||||false|false\u00bb custom_padding_tablet=\u00bb\u00bb custom_padding_phone=\u00bb||0px||false|false\u00bb border_width_bottom=\u00bb1px\u00bb border_color_bottom=\u00bb#aaaaaa\u00bb global_colors_info=\u00bb{}\u00bb][et_pb_column type=\u00bb4_4&#8243; _builder_version=\u00bb4.16&#8243; _module_preset=\u00bbdefault\u00bb background_enable_image=\u00bboff\u00bb global_colors_info=\u00bb{}\u00bb][et_pb_text _builder_version=\u00bb4.16&#8243; _module_preset=\u00bbdefault\u00bb header_2_font=\u00bb|600|||||||\u00bb header_2_text_align=\u00bbleft\u00bb header_2_text_color=\u00bb#545454&#8243; global_colors_info=\u00bb{}\u00bb]<h2>Equipo Coordinador en Venezuela\u200b<\/h2>[\/et_pb_text][\/et_pb_column][\/et_pb_row][et_pb_row custom_padding_last_edited=\u00bbon|phone\u00bb _builder_version=\u00bb4.16&#8243; _module_preset=\u00bbdefault\u00bb custom_padding_tablet=\u00bb\u00bb custom_padding_phone=\u00bb0px||0px||true|false\u00bb global_colors_info=\u00bb{}\u00bb][et_pb_column type=\u00bb4_4&#8243; _builder_version=\u00bb4.16&#8243; _module_preset=\u00bbdefault\u00bb global_colors_info=\u00bb{}\u00bb][et_pb_team_member name=\u00bbMercedes Romero\u00bb image_url=\u00bbhttps:\/\/www.meals4hope.org\/es\/wp-content\/uploads\/2021\/04\/Mercedes-Romero.jpg\u00bb use_icon_font_size=\u00bbon\u00bb _builder_version=\u00bb4.16&#8243; _module_preset=\u00bbdefault\u00bb header_font=\u00bb|600|||||||\u00bb custom_padding=\u00bb20px||20px||true|false\u00bb custom_css_member_image=\u00bbwidth: 130px;\u00bb border_radii_image=\u00bbon|554px|554px|554px|554px\u00bb global_colors_info=\u00bb{}\u00bb]Mercedes naci\u00f3 en Zea, M\u00e9rida, donde a\u00fan vive. Estudi\u00f3 Ciencias Sociales y comenz\u00f3 a trabajar con Meals4Hope en el 2017, como coordinadora de Proyecto en M\u00e9rida. Es la Directora Nacional de nuestra organizaci\u00f3n en Venezuela. Est\u00e1 dedicada a apoyar a ni\u00f1os y ni\u00f1as, mujeres embarazadas y gente mayor, coordinando un equipo de voluntarios locales maravilloso que se dedica a apoyar a los m\u00e1s vulnerables.[\/et_pb_team_member][et_pb_team_member name=\u00bbMar\u00eda Nuria de Cesaris\u00bb image_url=\u00bbhttps:\/\/www.meals4hope.org\/es\/wp-content\/uploads\/2021\/04\/Maria-Nuria-de-Cesaris.jpg\u00bb use_icon_font_size=\u00bbon\u00bb _builder_version=\u00bb4.16&#8243; _module_preset=\u00bbdefault\u00bb header_font=\u00bb|600|||||||\u00bb custom_padding=\u00bb20px||20px||true|false\u00bb custom_css_member_image=\u00bbwidth: 130px;\u00bb border_radii_image=\u00bbon|554px|554px|554px|554px\u00bb global_colors_info=\u00bb{}\u00bb]Nuria coordina los programas comunitarios de alimentaci\u00f3n y recuperaci\u00f3n nutricional en Ciudad Guayana desde 2016. Estudio Urbanismo en la Universidad Sim\u00f3n Bol\u00edvar y tiene una maestr\u00eda en Administraci\u00f3n P\u00fablica de Harvard University. Nuria trabaja a tiempo completo coordinando los programas de Meals4Hope en Bol\u00edvar, adem\u00e1s de apoyando proyectos y equipos a nivel nacional, actuando como Subdirectora Nacional.[\/et_pb_team_member][et_pb_team_member name=\u00bbMar\u00eda Esther Nu\u00f1ez\u00bb image_url=\u00bbhttps:\/\/www.meals4hope.org\/es\/wp-content\/uploads\/2021\/04\/Maria-Esther.jpg\u00bb use_icon_font_size=\u00bbon\u00bb _builder_version=\u00bb4.16&#8243; _module_preset=\u00bbdefault\u00bb header_font=\u00bb|600|||||||\u00bb custom_padding=\u00bb20px||20px||true|false\u00bb custom_css_member_image=\u00bbwidth: 130px;\u00bb border_radii_image=\u00bbon|554px|554px|554px|554px\u00bb global_colors_info=\u00bb{}\u00bb]Mar\u00eda Esther estudio Enfermer\u00eda y tiene una amplia experiencia en administraci\u00f3n de servicios de enfermer\u00eda y enfermer\u00eda quir\u00fargica. Coordina los programas comunitarios y el apoyo a ni\u00f1os y ni\u00f1as hospitalizados con desnutrici\u00f3n en Barcelona, Anzo\u00e1tegui. Mar\u00eda Esther es parte integral de nuestro Equipo Coordinador en Venezuela, trabajando con Meals4Hope desde comienzos del 2019.[\/et_pb_team_member][et_pb_team_member name=\u00bbDeivis Mel\u00e9ndez\u00bb image_url=\u00bbhttps:\/\/www.meals4hope.org\/es\/wp-content\/uploads\/2021\/04\/Deivis-Melendez.jpg\u00bb use_icon_font_size=\u00bbon\u00bb _builder_version=\u00bb4.16&#8243; _module_preset=\u00bbdefault\u00bb header_font=\u00bb|600|||||||\u00bb custom_padding=\u00bb20px||20px||true|false\u00bb custom_css_member_image=\u00bbwidth: 130px;\u00bb border_radii_image=\u00bbon|554px|554px|554px|554px\u00bb global_colors_info=\u00bb{}\u00bb]Deivis estudi\u00f3 contadur\u00eda y administraci\u00f3n, con postgrados en administraci\u00f3n agroindustrial y educaci\u00f3n ambiental. Tiene una amplia experiencia en el sector, trabajando con nuestros aliados, Fundaci\u00f3n Las Plumas por m\u00e1s de 15 a\u00f1os. Deivis comenz\u00f3 a trabajar con Meals4Hope en el 2017, coordinando programas en Portuguesa, adem\u00e1s de apoyando en \u00e1reas de log\u00edstica a nivel nacional.[\/et_pb_team_member][\/et_pb_column][\/et_pb_row][\/et_pb_section]\n","protected":false},"excerpt":{"rendered":"<p>gente dedicada y sensible, siempre dispuestos a ayudar, nuestra junta directiva y equipo coordinador aseguran que nuestro trabajo se mantenga en l\u00ednea con nuestra misi\u00f3n y visi\u00f3nPatronato &nbsp;Carolina es fundadora y presidenta de Meals4Hope, llevando la coordinaci\u00f3n general de los proyectos de alimentaci\u00f3n y recuperaci\u00f3n nutricional de ni\u00f1os en Venezuela y coordinando, junto con los [&hellip;]<\/p>\n","protected":false},"author":1,"featured_media":0,"parent":1517,"menu_order":0,"comment_status":"closed","ping_status":"closed","template":"","meta":{"_et_pb_use_builder":"on","_et_pb_old_content":"","_et_gb_content_width":"","footnotes":""},"class_list":["post-1521","page","type-page","status-publish","hentry"],"yoast_head":"<!-- This site is optimized with the Yoast SEO plugin v27.4 - https:\/\/yoast.com\/product\/yoast-seo-wordpress\/ -->\n<title>Patronato - Meals4Hope<\/title>\n<meta name=\"robots\" content=\"index, follow, max-snippet:-1, max-image-preview:large, max-video-preview:-1\" \/>\n<link rel=\"canonical\" href=\"https:\/\/www.meals4hope.org\/es\/quienes-somos\/nuestro-equipo\/junta-directiva\/\" \/>\n<meta property=\"og:locale\" content=\"es_ES\" \/>\n<meta property=\"og:type\" content=\"article\" \/>\n<meta property=\"og:title\" content=\"Patronato - Meals4Hope\" \/>\n<meta property=\"og:description\" content=\"gente dedicada y sensible, siempre dispuestos a ayudar, nuestra junta directiva y equipo coordinador aseguran que nuestro trabajo se mantenga en l\u00ednea con nuestra misi\u00f3n y visi\u00f3nPatronato &nbsp;Carolina es fundadora y presidenta de Meals4Hope, llevando la coordinaci\u00f3n general de los proyectos de alimentaci\u00f3n y recuperaci\u00f3n nutricional de ni\u00f1os en Venezuela y coordinando, junto con los [&hellip;]\" \/>\n<meta property=\"og:url\" content=\"https:\/\/www.meals4hope.org\/es\/quienes-somos\/nuestro-equipo\/junta-directiva\/\" \/>\n<meta property=\"og:site_name\" content=\"Meals4Hope\" \/>\n<meta property=\"article:publisher\" content=\"https:\/\/www.facebook.com\/meals4hope\" \/>\n<meta property=\"article:modified_time\" content=\"2025-06-10T17:54:40+00:00\" \/>\n<meta name=\"twitter:card\" content=\"summary_large_image\" \/>\n<meta name=\"twitter:site\" content=\"@meals4hope\" \/>\n<script type=\"application\/ld+json\" class=\"yoast-schema-graph\">{\"@context\":\"https:\\\/\\\/schema.org\",\"@graph\":[{\"@type\":\"WebPage\",\"@id\":\"https:\\\/\\\/www.meals4hope.org\\\/es\\\/quienes-somos\\\/nuestro-equipo\\\/junta-directiva\\\/\",\"url\":\"https:\\\/\\\/www.meals4hope.org\\\/es\\\/quienes-somos\\\/nuestro-equipo\\\/junta-directiva\\\/\",\"name\":\"Patronato - Meals4Hope\",\"isPartOf\":{\"@id\":\"https:\\\/\\\/www.meals4hope.org\\\/es\\\/#website\"},\"datePublished\":\"2021-04-21T19:55:52+00:00\",\"dateModified\":\"2025-06-10T17:54:40+00:00\",\"breadcrumb\":{\"@id\":\"https:\\\/\\\/www.meals4hope.org\\\/es\\\/quienes-somos\\\/nuestro-equipo\\\/junta-directiva\\\/#breadcrumb\"},\"inLanguage\":\"es\",\"potentialAction\":[{\"@type\":\"ReadAction\",\"target\":[\"https:\\\/\\\/www.meals4hope.org\\\/es\\\/quienes-somos\\\/nuestro-equipo\\\/junta-directiva\\\/\"]}]},{\"@type\":\"BreadcrumbList\",\"@id\":\"https:\\\/\\\/www.meals4hope.org\\\/es\\\/quienes-somos\\\/nuestro-equipo\\\/junta-directiva\\\/#breadcrumb\",\"itemListElement\":[{\"@type\":\"ListItem\",\"position\":1,\"name\":\"Portada\",\"item\":\"https:\\\/\\\/www.meals4hope.org\\\/es\\\/\"},{\"@type\":\"ListItem\",\"position\":2,\"name\":\"Qui\u00e9nes somos\",\"item\":\"https:\\\/\\\/www.meals4hope.org\\\/es\\\/quienes-somos\\\/\"},{\"@type\":\"ListItem\",\"position\":3,\"name\":\"Nuestro equipo\",\"item\":\"https:\\\/\\\/www.meals4hope.org\\\/es\\\/quienes-somos\\\/nuestro-equipo\\\/\"},{\"@type\":\"ListItem\",\"position\":4,\"name\":\"Patronato\"}]},{\"@type\":\"WebSite\",\"@id\":\"https:\\\/\\\/www.meals4hope.org\\\/es\\\/#website\",\"url\":\"https:\\\/\\\/www.meals4hope.org\\\/es\\\/\",\"name\":\"Meals4Hope\",\"description\":\"Con trabajo voluntario, participaci\u00f3n de la comunidad, solidaridad y cooperaci\u00f3n, sembramos juntos esperanza por un mundo mejor\",\"publisher\":{\"@id\":\"https:\\\/\\\/www.meals4hope.org\\\/es\\\/#organization\"},\"potentialAction\":[{\"@type\":\"SearchAction\",\"target\":{\"@type\":\"EntryPoint\",\"urlTemplate\":\"https:\\\/\\\/www.meals4hope.org\\\/es\\\/?s={search_term_string}\"},\"query-input\":{\"@type\":\"PropertyValueSpecification\",\"valueRequired\":true,\"valueName\":\"search_term_string\"}}],\"inLanguage\":\"es\"},{\"@type\":\"Organization\",\"@id\":\"https:\\\/\\\/www.meals4hope.org\\\/es\\\/#organization\",\"name\":\"Meals4Hope\",\"url\":\"https:\\\/\\\/www.meals4hope.org\\\/es\\\/\",\"logo\":{\"@type\":\"ImageObject\",\"inLanguage\":\"es\",\"@id\":\"https:\\\/\\\/www.meals4hope.org\\\/es\\\/#\\\/schema\\\/logo\\\/image\\\/\",\"url\":\"https:\\\/\\\/www.meals4hope.org\\\/es\\\/wp-content\\\/uploads\\\/2021\\\/04\\\/Meals4hope.png\",\"contentUrl\":\"https:\\\/\\\/www.meals4hope.org\\\/es\\\/wp-content\\\/uploads\\\/2021\\\/04\\\/Meals4hope.png\",\"width\":200,\"height\":115,\"caption\":\"Meals4Hope\"},\"image\":{\"@id\":\"https:\\\/\\\/www.meals4hope.org\\\/es\\\/#\\\/schema\\\/logo\\\/image\\\/\"},\"sameAs\":[\"https:\\\/\\\/www.facebook.com\\\/meals4hope\",\"https:\\\/\\\/x.com\\\/meals4hope\",\"https:\\\/\\\/www.instagram.com\\\/meals4hope\\\/\",\"https:\\\/\\\/www.youtube.com\\\/channel\\\/UCnGyl_rfBJb7dK0HaFWwcew\"]}]}<\/script>\n<!-- \/ Yoast SEO plugin. -->","yoast_head_json":{"title":"Patronato - Meals4Hope","robots":{"index":"index","follow":"follow","max-snippet":"max-snippet:-1","max-image-preview":"max-image-preview:large","max-video-preview":"max-video-preview:-1"},"canonical":"https:\/\/www.meals4hope.org\/es\/quienes-somos\/nuestro-equipo\/junta-directiva\/","og_locale":"es_ES","og_type":"article","og_title":"Patronato - Meals4Hope","og_description":"gente dedicada y sensible, siempre dispuestos a ayudar, nuestra junta directiva y equipo coordinador aseguran que nuestro trabajo se mantenga en l\u00ednea con nuestra misi\u00f3n y visi\u00f3nPatronato &nbsp;Carolina es fundadora y presidenta de Meals4Hope, llevando la coordinaci\u00f3n general de los proyectos de alimentaci\u00f3n y recuperaci\u00f3n nutricional de ni\u00f1os en Venezuela y coordinando, junto con los [&hellip;]","og_url":"https:\/\/www.meals4hope.org\/es\/quienes-somos\/nuestro-equipo\/junta-directiva\/","og_site_name":"Meals4Hope","article_publisher":"https:\/\/www.facebook.com\/meals4hope","article_modified_time":"2025-06-10T17:54:40+00:00","twitter_card":"summary_large_image","twitter_site":"@meals4hope","schema":{"@context":"https:\/\/schema.org","@graph":[{"@type":"WebPage","@id":"https:\/\/www.meals4hope.org\/es\/quienes-somos\/nuestro-equipo\/junta-directiva\/","url":"https:\/\/www.meals4hope.org\/es\/quienes-somos\/nuestro-equipo\/junta-directiva\/","name":"Patronato - Meals4Hope","isPartOf":{"@id":"https:\/\/www.meals4hope.org\/es\/#website"},"datePublished":"2021-04-21T19:55:52+00:00","dateModified":"2025-06-10T17:54:40+00:00","breadcrumb":{"@id":"https:\/\/www.meals4hope.org\/es\/quienes-somos\/nuestro-equipo\/junta-directiva\/#breadcrumb"},"inLanguage":"es","potentialAction":[{"@type":"ReadAction","target":["https:\/\/www.meals4hope.org\/es\/quienes-somos\/nuestro-equipo\/junta-directiva\/"]}]},{"@type":"BreadcrumbList","@id":"https:\/\/www.meals4hope.org\/es\/quienes-somos\/nuestro-equipo\/junta-directiva\/#breadcrumb","itemListElement":[{"@type":"ListItem","position":1,"name":"Portada","item":"https:\/\/www.meals4hope.org\/es\/"},{"@type":"ListItem","position":2,"name":"Qui\u00e9nes somos","item":"https:\/\/www.meals4hope.org\/es\/quienes-somos\/"},{"@type":"ListItem","position":3,"name":"Nuestro equipo","item":"https:\/\/www.meals4hope.org\/es\/quienes-somos\/nuestro-equipo\/"},{"@type":"ListItem","position":4,"name":"Patronato"}]},{"@type":"WebSite","@id":"https:\/\/www.meals4hope.org\/es\/#website","url":"https:\/\/www.meals4hope.org\/es\/","name":"Meals4Hope","description":"Con trabajo voluntario, participaci\u00f3n de la comunidad, solidaridad y cooperaci\u00f3n, sembramos juntos esperanza por un mundo mejor","publisher":{"@id":"https:\/\/www.meals4hope.org\/es\/#organization"},"potentialAction":[{"@type":"SearchAction","target":{"@type":"EntryPoint","urlTemplate":"https:\/\/www.meals4hope.org\/es\/?s={search_term_string}"},"query-input":{"@type":"PropertyValueSpecification","valueRequired":true,"valueName":"search_term_string"}}],"inLanguage":"es"},{"@type":"Organization","@id":"https:\/\/www.meals4hope.org\/es\/#organization","name":"Meals4Hope","url":"https:\/\/www.meals4hope.org\/es\/","logo":{"@type":"ImageObject","inLanguage":"es","@id":"https:\/\/www.meals4hope.org\/es\/#\/schema\/logo\/image\/","url":"https:\/\/www.meals4hope.org\/es\/wp-content\/uploads\/2021\/04\/Meals4hope.png","contentUrl":"https:\/\/www.meals4hope.org\/es\/wp-content\/uploads\/2021\/04\/Meals4hope.png","width":200,"height":115,"caption":"Meals4Hope"},"image":{"@id":"https:\/\/www.meals4hope.org\/es\/#\/schema\/logo\/image\/"},"sameAs":["https:\/\/www.facebook.com\/meals4hope","https:\/\/x.com\/meals4hope","https:\/\/www.instagram.com\/meals4hope\/","https:\/\/www.youtube.com\/channel\/UCnGyl_rfBJb7dK0HaFWwcew"]}]}},"_links":{"self":[{"href":"https:\/\/www.meals4hope.org\/es\/wp-json\/wp\/v2\/pages\/1521","targetHints":{"allow":["GET"]}}],"collection":[{"href":"https:\/\/www.meals4hope.org\/es\/wp-json\/wp\/v2\/pages"}],"about":[{"href":"https:\/\/www.meals4hope.org\/es\/wp-json\/wp\/v2\/types\/page"}],"author":[{"embeddable":true,"href":"https:\/\/www.meals4hope.org\/es\/wp-json\/wp\/v2\/users\/1"}],"replies":[{"embeddable":true,"href":"https:\/\/www.meals4hope.org\/es\/wp-json\/wp\/v2\/comments?post=1521"}],"version-history":[{"count":0,"href":"https:\/\/www.meals4hope.org\/es\/wp-json\/wp\/v2\/pages\/1521\/revisions"}],"up":[{"embeddable":true,"href":"https:\/\/www.meals4hope.org\/es\/wp-json\/wp\/v2\/pages\/1517"}],"wp:attachment":[{"href":"https:\/\/www.meals4hope.org\/es\/wp-json\/wp\/v2\/media?parent=1521"}],"curies":[{"name":"wp","href":"https:\/\/api.w.org\/{rel}","templated":true}]}}