{"id":1502,"date":"2021-04-21T19:17:09","date_gmt":"2021-04-21T19:17:09","guid":{"rendered":"https:\/\/meals4hope.sisteg.net\/?page_id=1502"},"modified":"2025-06-10T18:56:53","modified_gmt":"2025-06-10T16:56:53","slug":"quienes-somos","status":"publish","type":"page","link":"https:\/\/www.meals4hope.org\/es\/quienes-somos\/","title":{"rendered":"Qui\u00e9nes somos"},"content":{"rendered":"<p>[et_pb_section fb_built=\u00bb1&#8243; custom_padding_last_edited=\u00bbon|desktop\u00bb _builder_version=\u00bb4.16&#8243; _module_preset=\u00bbdefault\u00bb background_image=\u00bbhttps:\/\/www.meals4hope.org\/es\/wp-content\/uploads\/2021\/04\/about-us-Image.jpg\u00bb background_position=\u00bbtop_center\u00bb custom_margin=\u00bb137px||||false|false\u00bb custom_margin_tablet=\u00bb\u00bb custom_margin_phone=\u00bb96px||||false|false\u00bb custom_margin_last_edited=\u00bbon|phone\u00bb custom_padding=\u00bb190px||190px||true|false\u00bb custom_padding_tablet=\u00bb\u00bb custom_padding_phone=\u00bb100px||100px||true|false\u00bb global_colors_info=\u00bb{}\u00bb][et_pb_row _builder_version=\u00bb4.16&#8243; _module_preset=\u00bbdefault\u00bb background_enable_color=\u00bboff\u00bb global_colors_info=\u00bb{}\u00bb][et_pb_column type=\u00bb4_4&#8243; _builder_version=\u00bb4.16&#8243; _module_preset=\u00bbdefault\u00bb global_colors_info=\u00bb{}\u00bb][et_pb_divider show_divider=\u00bboff\u00bb _builder_version=\u00bb4.16&#8243; _module_preset=\u00bbdefault\u00bb global_colors_info=\u00bb{}\u00bb][\/et_pb_divider][\/et_pb_column][\/et_pb_row][\/et_pb_section][et_pb_section fb_built=\u00bb1&#8243; _builder_version=\u00bb4.16&#8243; _module_preset=\u00bbdefault\u00bb custom_padding=\u00bb||100px||false|false\u00bb global_colors_info=\u00bb{}\u00bb][et_pb_row custom_padding_last_edited=\u00bbon|phone\u00bb _builder_version=\u00bb4.16&#8243; _module_preset=\u00bbdefault\u00bb background_color=\u00bb#FFFFFF\u00bb vertical_offset=\u00bb-50px\u00bb custom_padding=\u00bb20px|50px|20px|50px|true|true\u00bb custom_padding_tablet=\u00bb\u00bb custom_padding_phone=\u00bb20px|0px|0px|0px|false|true\u00bb global_colors_info=\u00bb{}\u00bb][et_pb_column type=\u00bb4_4&#8243; _builder_version=\u00bb4.16&#8243; _module_preset=\u00bbdefault\u00bb global_colors_info=\u00bb{}\u00bb][et_pb_text _builder_version=\u00bb4.16&#8243; _module_preset=\u00bbdefault\u00bb header_font=\u00bb||||||||\u00bb header_text_align=\u00bbcenter\u00bb header_text_color=\u00bb#515151&#8243; header_font_size=\u00bb28px\u00bb header_line_height=\u00bb1.2em\u00bb header_font_size_tablet=\u00bb\u00bb header_font_size_phone=\u00bb18px\u00bb header_font_size_last_edited=\u00bbon|phone\u00bb global_colors_info=\u00bb{}\u00bb]<\/p>\n<h1>trabajamos para mejorar la vida de ni\u00f1os y ni\u00f1as vulnerables brindando alimento, protecci\u00f3n, salud y esperanza para que crezcan sanos y felices y puedan alcanzar su m\u00e1ximo potencial<br \/>\n<\/h1>\n<p>[\/et_pb_text][\/et_pb_column][\/et_pb_row][et_pb_row column_structure=\u00bb1_3,1_3,1_3&#8243; use_custom_gutter=\u00bbon\u00bb gutter_width=\u00bb2&#8243; make_equal=\u00bbon\u00bb custom_padding_last_edited=\u00bbon|phone\u00bb _builder_version=\u00bb4.27.4&#8243; _module_preset=\u00bbdefault\u00bb background_enable_image=\u00bboff\u00bb custom_padding_tablet=\u00bb\u00bb custom_padding_phone=\u00bb0px||0px||false|false\u00bb hover_enabled=\u00bb0&#8243; global_colors_info=\u00bb{}\u00bb sticky_enabled=\u00bb0&#8243;][et_pb_column type=\u00bb1_3&#8243; admin_label=\u00bbOur Vision and Values\u00bb _builder_version=\u00bb4.16&#8243; _module_preset=\u00bbdefault\u00bb background_image=\u00bbhttps:\/\/www.meals4hope.org\/es\/wp-content\/uploads\/2021\/04\/our-vision.jpg\u00bb global_colors_info=\u00bb{}\u00bb][et_pb_button button_url=\u00bbhttps:\/\/www.meals4hope.org\/es\/quienes-somos\/nuestra-vision-y-valores\/\u00bb button_text=\u00bbNuestra visi\u00f3n y valores\u00bb _builder_version=\u00bb4.16&#8243; _module_preset=\u00bbdefault\u00bb custom_button=\u00bbon\u00bb button_text_size=\u00bb21px\u00bb button_text_color=\u00bb#424242&#8243; button_bg_color=\u00bb#FFFFFF\u00bb button_border_width=\u00bb0px\u00bb button_border_radius=\u00bb0px\u00bb button_letter_spacing=\u00bb-1px\u00bb button_font=\u00bb|600|||||||\u00bb button_icon_color=\u00bb#5e87d3&#8243; custom_margin=\u00bb190px||||false|false\u00bb custom_padding=\u00bb0px||3px||false|false\u00bb global_colors_info=\u00bb{}\u00bb][\/et_pb_button][\/et_pb_column][et_pb_column type=\u00bb1_3&#8243; admin_label=\u00bbOur History\u00bb _builder_version=\u00bb4.16&#8243; _module_preset=\u00bbdefault\u00bb background_image=\u00bbhttps:\/\/www.meals4hope.org\/es\/wp-content\/uploads\/2021\/04\/our-history-2.jpg\u00bb global_colors_info=\u00bb{}\u00bb][et_pb_button button_url=\u00bbhttps:\/\/www.meals4hope.org\/es\/quienes-somos\/nuestra-historia\/\u00bb button_text=\u00bbNuestra historia\u00bb _builder_version=\u00bb4.16&#8243; _module_preset=\u00bbdefault\u00bb custom_button=\u00bbon\u00bb button_text_size=\u00bb21px\u00bb button_text_color=\u00bb#424242&#8243; button_bg_color=\u00bb#FFFFFF\u00bb button_border_width=\u00bb0px\u00bb button_border_radius=\u00bb0px\u00bb button_letter_spacing=\u00bb-1px\u00bb button_font=\u00bb|600|||||||\u00bb button_icon_color=\u00bb#5e87d3&#8243; custom_margin=\u00bb190px||||false|false\u00bb custom_padding=\u00bb0px||3px||false|false\u00bb global_colors_info=\u00bb{}\u00bb][\/et_pb_button][\/et_pb_column][et_pb_column type=\u00bb1_3&#8243; admin_label=\u00bbOur Team\u00bb _builder_version=\u00bb4.16&#8243; _module_preset=\u00bbdefault\u00bb background_image=\u00bbhttps:\/\/www.meals4hope.org\/es\/wp-content\/uploads\/2021\/04\/Our-team-1-1.jpg\u00bb global_colors_info=\u00bb{}\u00bb][et_pb_button button_url=\u00bbhttps:\/\/www.meals4hope.org\/es\/quienes-somos\/nuestro-equipo\/\u00bb button_text=\u00bbNuestro equipo\u00bb _builder_version=\u00bb4.16&#8243; _module_preset=\u00bbdefault\u00bb custom_button=\u00bbon\u00bb button_text_size=\u00bb21px\u00bb button_text_color=\u00bb#424242&#8243; button_bg_color=\u00bb#FFFFFF\u00bb button_border_width=\u00bb0px\u00bb button_border_radius=\u00bb0px\u00bb button_letter_spacing=\u00bb-1px\u00bb button_font=\u00bb|600|||||||\u00bb button_icon_color=\u00bb#5e87d3&#8243; custom_margin=\u00bb190px||||false|false\u00bb custom_padding=\u00bb0px||3px||false|false\u00bb global_colors_info=\u00bb{}\u00bb][\/et_pb_button][\/et_pb_column][\/et_pb_row][et_pb_row column_structure=\u00bb1_3,1_3,1_3&#8243; use_custom_gutter=\u00bbon\u00bb gutter_width=\u00bb2&#8243; make_equal=\u00bbon\u00bb custom_padding_last_edited=\u00bbon|phone\u00bb _builder_version=\u00bb4.16&#8243; _module_preset=\u00bbdefault\u00bb custom_margin=\u00bb30px||||false|false\u00bb custom_margin_tablet=\u00bb\u00bb custom_margin_phone=\u00bb0px||||false|false\u00bb custom_margin_last_edited=\u00bbon|phone\u00bb custom_padding_tablet=\u00bb\u00bb custom_padding_phone=\u00bb0px||0px||false|false\u00bb global_colors_info=\u00bb{}\u00bb][et_pb_column type=\u00bb1_3&#8243; admin_label=\u00bbPartners and Funders\u00bb _builder_version=\u00bb4.16&#8243; _module_preset=\u00bbdefault\u00bb background_image=\u00bbhttps:\/\/www.meals4hope.org\/es\/wp-content\/uploads\/2021\/04\/Partners-Funders.jpg\u00bb global_colors_info=\u00bb{}\u00bb][et_pb_button button_url=\u00bbhttps:\/\/www.meals4hope.org\/es\/quienes-somos\/organizaciones-aliadas\/\u00bb button_text=\u00bbOrganizaciones aliadas\u00bb _builder_version=\u00bb4.16&#8243; _module_preset=\u00bbdefault\u00bb custom_button=\u00bbon\u00bb button_text_size=\u00bb21px\u00bb button_text_color=\u00bb#424242&#8243; button_bg_color=\u00bb#FFFFFF\u00bb button_border_width=\u00bb0px\u00bb button_border_radius=\u00bb0px\u00bb button_letter_spacing=\u00bb-1px\u00bb button_font=\u00bb|600|||||||\u00bb button_icon_color=\u00bb#5e87d3&#8243; custom_margin=\u00bb190px||||false|false\u00bb custom_padding=\u00bb0px||3px||false|false\u00bb global_colors_info=\u00bb{}\u00bb][\/et_pb_button][\/et_pb_column][et_pb_column type=\u00bb1_3&#8243; admin_label=\u00bbPolicies and Reports\u00bb _builder_version=\u00bb4.16&#8243; _module_preset=\u00bbdefault\u00bb background_image=\u00bbhttps:\/\/www.meals4hope.org\/es\/wp-content\/uploads\/2021\/04\/Policies-reports.jpg\u00bb global_colors_info=\u00bb{}\u00bb][et_pb_button button_url=\u00bbhttps:\/\/www.meals4hope.org\/es\/quienes-somos\/politicas-e-informes\/\u00bb button_text=\u00bbPol\u00edticas e informes\u00bb _builder_version=\u00bb4.16&#8243; _module_preset=\u00bbdefault\u00bb custom_button=\u00bbon\u00bb button_text_size=\u00bb21px\u00bb button_text_color=\u00bb#424242&#8243; button_bg_color=\u00bb#FFFFFF\u00bb button_border_width=\u00bb0px\u00bb button_border_radius=\u00bb0px\u00bb button_letter_spacing=\u00bb-1px\u00bb button_font=\u00bb|600|||||||\u00bb button_icon_color=\u00bb#5e87d3&#8243; custom_margin=\u00bb190px||||false|false\u00bb custom_padding=\u00bb0px||3px||false|false\u00bb global_colors_info=\u00bb{}\u00bb][\/et_pb_button][\/et_pb_column][et_pb_column type=\u00bb1_3&#8243; _builder_version=\u00bb4.16&#8243; _module_preset=\u00bbdefault\u00bb background_enable_image=\u00bboff\u00bb border_width_top=\u00bb1px\u00bb border_color_top=\u00bb#a0a0a0&#8243; global_colors_info=\u00bb{}\u00bb][et_pb_text _builder_version=\u00bb4.16&#8243; _module_preset=\u00bbdefault\u00bb text_text_color=\u00bb#494949&#8243; text_font_size=\u00bb16px\u00bb custom_margin=\u00bb20px||||false|false\u00bb global_colors_info=\u00bb{}\u00bb]Dirigimos y apoyamos proyectos que luchan contra el hambre y la desnutrici\u00f3n en ni\u00f1os y ni\u00f1as\u2026 proyectos que salvan vidas y brindan esperanza y un futuro mejor a los ni\u00f1os, ni\u00f1as y sus familias.[\/et_pb_text][\/et_pb_column][\/et_pb_row][\/et_pb_section]<\/p>\n","protected":false},"excerpt":{"rendered":"<p>Trabajamos para mejorar la vida de ni\u00f1os y ni\u00f1as vulnerables brindando alimento, protecci\u00f3n, salud y esperanza para que crezcan sanos.<\/p>\n","protected":false},"author":1,"featured_media":103,"parent":0,"menu_order":0,"comment_status":"closed","ping_status":"closed","template":"","meta":{"_et_pb_use_builder":"on","_et_pb_old_content":"","_et_gb_content_width":"","footnotes":""},"class_list":["post-1502","page","type-page","status-publish","has-post-thumbnail","hentry"],"yoast_head":"<!-- This site is optimized with the Yoast SEO plugin v27.4 - https:\/\/yoast.com\/product\/yoast-seo-wordpress\/ -->\n<title>Meals4Hope - Trabajamos para mejorar la vida de ni\u00f1os<\/title>\n<meta name=\"description\" content=\"Trabajamos para mejorar la vida de ni\u00f1os y ni\u00f1as vulnerables brindando alimento, protecci\u00f3n, salud y esperanza para que crezcan sanos.\" \/>\n<meta name=\"robots\" content=\"index, follow, max-snippet:-1, max-image-preview:large, max-video-preview:-1\" \/>\n<link rel=\"canonical\" href=\"https:\/\/www.meals4hope.org\/es\/quienes-somos\/\" \/>\n<meta property=\"og:locale\" content=\"es_ES\" \/>\n<meta property=\"og:type\" content=\"article\" \/>\n<meta property=\"og:title\" content=\"Meals4Hope - Trabajamos para mejorar la vida de ni\u00f1os\" \/>\n<meta property=\"og:description\" content=\"Trabajamos para mejorar la vida de ni\u00f1os y ni\u00f1as vulnerables brindando alimento, protecci\u00f3n, salud y esperanza para que crezcan sanos.\" \/>\n<meta property=\"og:url\" content=\"https:\/\/www.meals4hope.org\/es\/quienes-somos\/\" \/>\n<meta property=\"og:site_name\" content=\"Meals4Hope\" \/>\n<meta property=\"article:publisher\" content=\"https:\/\/www.facebook.com\/meals4hope\" \/>\n<meta property=\"article:modified_time\" content=\"2025-06-10T16:56:53+00:00\" \/>\n<meta property=\"og:image\" content=\"https:\/\/www.meals4hope.org\/es\/wp-content\/uploads\/2021\/04\/about-us-Image.jpg\" \/>\n\t<meta property=\"og:image:width\" content=\"2048\" \/>\n\t<meta property=\"og:image:height\" content=\"830\" \/>\n\t<meta property=\"og:image:type\" content=\"image\/jpeg\" \/>\n<meta name=\"twitter:card\" content=\"summary_large_image\" \/>\n<meta name=\"twitter:site\" content=\"@meals4hope\" \/>\n<script type=\"application\/ld+json\" class=\"yoast-schema-graph\">{\"@context\":\"https:\\\/\\\/schema.org\",\"@graph\":[{\"@type\":\"WebPage\",\"@id\":\"https:\\\/\\\/www.meals4hope.org\\\/es\\\/quienes-somos\\\/\",\"url\":\"https:\\\/\\\/www.meals4hope.org\\\/es\\\/quienes-somos\\\/\",\"name\":\"Meals4Hope - Trabajamos para mejorar la vida de ni\u00f1os\",\"isPartOf\":{\"@id\":\"https:\\\/\\\/www.meals4hope.org\\\/es\\\/#website\"},\"primaryImageOfPage\":{\"@id\":\"https:\\\/\\\/www.meals4hope.org\\\/es\\\/quienes-somos\\\/#primaryimage\"},\"image\":{\"@id\":\"https:\\\/\\\/www.meals4hope.org\\\/es\\\/quienes-somos\\\/#primaryimage\"},\"thumbnailUrl\":\"https:\\\/\\\/www.meals4hope.org\\\/es\\\/wp-content\\\/uploads\\\/2021\\\/04\\\/about-us-Image.jpg\",\"datePublished\":\"2021-04-21T19:17:09+00:00\",\"dateModified\":\"2025-06-10T16:56:53+00:00\",\"description\":\"Trabajamos para mejorar la vida de ni\u00f1os y ni\u00f1as vulnerables brindando alimento, protecci\u00f3n, salud y esperanza para que crezcan sanos.\",\"breadcrumb\":{\"@id\":\"https:\\\/\\\/www.meals4hope.org\\\/es\\\/quienes-somos\\\/#breadcrumb\"},\"inLanguage\":\"es\",\"potentialAction\":[{\"@type\":\"ReadAction\",\"target\":[\"https:\\\/\\\/www.meals4hope.org\\\/es\\\/quienes-somos\\\/\"]}]},{\"@type\":\"ImageObject\",\"inLanguage\":\"es\",\"@id\":\"https:\\\/\\\/www.meals4hope.org\\\/es\\\/quienes-somos\\\/#primaryimage\",\"url\":\"https:\\\/\\\/www.meals4hope.org\\\/es\\\/wp-content\\\/uploads\\\/2021\\\/04\\\/about-us-Image.jpg\",\"contentUrl\":\"https:\\\/\\\/www.meals4hope.org\\\/es\\\/wp-content\\\/uploads\\\/2021\\\/04\\\/about-us-Image.jpg\",\"width\":2048,\"height\":830,\"caption\":\"Qui\u00e9nes somos. trabajamos para mejorar la vida de ni\u00f1os y ni\u00f1as vulnerables brindando alimento, protecci\u00f3n, salud y esperanza para que crezcan sanos y felices y puedan alcanzar su m\u00e1ximo potencial\"},{\"@type\":\"BreadcrumbList\",\"@id\":\"https:\\\/\\\/www.meals4hope.org\\\/es\\\/quienes-somos\\\/#breadcrumb\",\"itemListElement\":[{\"@type\":\"ListItem\",\"position\":1,\"name\":\"Portada\",\"item\":\"https:\\\/\\\/www.meals4hope.org\\\/es\\\/\"},{\"@type\":\"ListItem\",\"position\":2,\"name\":\"Qui\u00e9nes somos\"}]},{\"@type\":\"WebSite\",\"@id\":\"https:\\\/\\\/www.meals4hope.org\\\/es\\\/#website\",\"url\":\"https:\\\/\\\/www.meals4hope.org\\\/es\\\/\",\"name\":\"Meals4Hope\",\"description\":\"Con trabajo voluntario, participaci\u00f3n de la comunidad, solidaridad y cooperaci\u00f3n, sembramos juntos esperanza por un mundo mejor\",\"publisher\":{\"@id\":\"https:\\\/\\\/www.meals4hope.org\\\/es\\\/#organization\"},\"potentialAction\":[{\"@type\":\"SearchAction\",\"target\":{\"@type\":\"EntryPoint\",\"urlTemplate\":\"https:\\\/\\\/www.meals4hope.org\\\/es\\\/?s={search_term_string}\"},\"query-input\":{\"@type\":\"PropertyValueSpecification\",\"valueRequired\":true,\"valueName\":\"search_term_string\"}}],\"inLanguage\":\"es\"},{\"@type\":\"Organization\",\"@id\":\"https:\\\/\\\/www.meals4hope.org\\\/es\\\/#organization\",\"name\":\"Meals4Hope\",\"url\":\"https:\\\/\\\/www.meals4hope.org\\\/es\\\/\",\"logo\":{\"@type\":\"ImageObject\",\"inLanguage\":\"es\",\"@id\":\"https:\\\/\\\/www.meals4hope.org\\\/es\\\/#\\\/schema\\\/logo\\\/image\\\/\",\"url\":\"https:\\\/\\\/www.meals4hope.org\\\/es\\\/wp-content\\\/uploads\\\/2021\\\/04\\\/Meals4hope.png\",\"contentUrl\":\"https:\\\/\\\/www.meals4hope.org\\\/es\\\/wp-content\\\/uploads\\\/2021\\\/04\\\/Meals4hope.png\",\"width\":200,\"height\":115,\"caption\":\"Meals4Hope\"},\"image\":{\"@id\":\"https:\\\/\\\/www.meals4hope.org\\\/es\\\/#\\\/schema\\\/logo\\\/image\\\/\"},\"sameAs\":[\"https:\\\/\\\/www.facebook.com\\\/meals4hope\",\"https:\\\/\\\/x.com\\\/meals4hope\",\"https:\\\/\\\/www.instagram.com\\\/meals4hope\\\/\",\"https:\\\/\\\/www.youtube.com\\\/channel\\\/UCnGyl_rfBJb7dK0HaFWwcew\"]}]}<\/script>\n<!-- \/ Yoast SEO plugin. -->","yoast_head_json":{"title":"Meals4Hope - Trabajamos para mejorar la vida de ni\u00f1os","description":"Trabajamos para mejorar la vida de ni\u00f1os y ni\u00f1as vulnerables brindando alimento, protecci\u00f3n, salud y esperanza para que crezcan sanos.","robots":{"index":"index","follow":"follow","max-snippet":"max-snippet:-1","max-image-preview":"max-image-preview:large","max-video-preview":"max-video-preview:-1"},"canonical":"https:\/\/www.meals4hope.org\/es\/quienes-somos\/","og_locale":"es_ES","og_type":"article","og_title":"Meals4Hope - Trabajamos para mejorar la vida de ni\u00f1os","og_description":"Trabajamos para mejorar la vida de ni\u00f1os y ni\u00f1as vulnerables brindando alimento, protecci\u00f3n, salud y esperanza para que crezcan sanos.","og_url":"https:\/\/www.meals4hope.org\/es\/quienes-somos\/","og_site_name":"Meals4Hope","article_publisher":"https:\/\/www.facebook.com\/meals4hope","article_modified_time":"2025-06-10T16:56:53+00:00","og_image":[{"width":2048,"height":830,"url":"https:\/\/www.meals4hope.org\/es\/wp-content\/uploads\/2021\/04\/about-us-Image.jpg","type":"image\/jpeg"}],"twitter_card":"summary_large_image","twitter_site":"@meals4hope","schema":{"@context":"https:\/\/schema.org","@graph":[{"@type":"WebPage","@id":"https:\/\/www.meals4hope.org\/es\/quienes-somos\/","url":"https:\/\/www.meals4hope.org\/es\/quienes-somos\/","name":"Meals4Hope - Trabajamos para mejorar la vida de ni\u00f1os","isPartOf":{"@id":"https:\/\/www.meals4hope.org\/es\/#website"},"primaryImageOfPage":{"@id":"https:\/\/www.meals4hope.org\/es\/quienes-somos\/#primaryimage"},"image":{"@id":"https:\/\/www.meals4hope.org\/es\/quienes-somos\/#primaryimage"},"thumbnailUrl":"https:\/\/www.meals4hope.org\/es\/wp-content\/uploads\/2021\/04\/about-us-Image.jpg","datePublished":"2021-04-21T19:17:09+00:00","dateModified":"2025-06-10T16:56:53+00:00","description":"Trabajamos para mejorar la vida de ni\u00f1os y ni\u00f1as vulnerables brindando alimento, protecci\u00f3n, salud y esperanza para que crezcan sanos.","breadcrumb":{"@id":"https:\/\/www.meals4hope.org\/es\/quienes-somos\/#breadcrumb"},"inLanguage":"es","potentialAction":[{"@type":"ReadAction","target":["https:\/\/www.meals4hope.org\/es\/quienes-somos\/"]}]},{"@type":"ImageObject","inLanguage":"es","@id":"https:\/\/www.meals4hope.org\/es\/quienes-somos\/#primaryimage","url":"https:\/\/www.meals4hope.org\/es\/wp-content\/uploads\/2021\/04\/about-us-Image.jpg","contentUrl":"https:\/\/www.meals4hope.org\/es\/wp-content\/uploads\/2021\/04\/about-us-Image.jpg","width":2048,"height":830,"caption":"Qui\u00e9nes somos. trabajamos para mejorar la vida de ni\u00f1os y ni\u00f1as vulnerables brindando alimento, protecci\u00f3n, salud y esperanza para que crezcan sanos y felices y puedan alcanzar su m\u00e1ximo potencial"},{"@type":"BreadcrumbList","@id":"https:\/\/www.meals4hope.org\/es\/quienes-somos\/#breadcrumb","itemListElement":[{"@type":"ListItem","position":1,"name":"Portada","item":"https:\/\/www.meals4hope.org\/es\/"},{"@type":"ListItem","position":2,"name":"Qui\u00e9nes somos"}]},{"@type":"WebSite","@id":"https:\/\/www.meals4hope.org\/es\/#website","url":"https:\/\/www.meals4hope.org\/es\/","name":"Meals4Hope","description":"Con trabajo voluntario, participaci\u00f3n de la comunidad, solidaridad y cooperaci\u00f3n, sembramos juntos esperanza por un mundo mejor","publisher":{"@id":"https:\/\/www.meals4hope.org\/es\/#organization"},"potentialAction":[{"@type":"SearchAction","target":{"@type":"EntryPoint","urlTemplate":"https:\/\/www.meals4hope.org\/es\/?s={search_term_string}"},"query-input":{"@type":"PropertyValueSpecification","valueRequired":true,"valueName":"search_term_string"}}],"inLanguage":"es"},{"@type":"Organization","@id":"https:\/\/www.meals4hope.org\/es\/#organization","name":"Meals4Hope","url":"https:\/\/www.meals4hope.org\/es\/","logo":{"@type":"ImageObject","inLanguage":"es","@id":"https:\/\/www.meals4hope.org\/es\/#\/schema\/logo\/image\/","url":"https:\/\/www.meals4hope.org\/es\/wp-content\/uploads\/2021\/04\/Meals4hope.png","contentUrl":"https:\/\/www.meals4hope.org\/es\/wp-content\/uploads\/2021\/04\/Meals4hope.png","width":200,"height":115,"caption":"Meals4Hope"},"image":{"@id":"https:\/\/www.meals4hope.org\/es\/#\/schema\/logo\/image\/"},"sameAs":["https:\/\/www.facebook.com\/meals4hope","https:\/\/x.com\/meals4hope","https:\/\/www.instagram.com\/meals4hope\/","https:\/\/www.youtube.com\/channel\/UCnGyl_rfBJb7dK0HaFWwcew"]}]}},"_links":{"self":[{"href":"https:\/\/www.meals4hope.org\/es\/wp-json\/wp\/v2\/pages\/1502","targetHints":{"allow":["GET"]}}],"collection":[{"href":"https:\/\/www.meals4hope.org\/es\/wp-json\/wp\/v2\/pages"}],"about":[{"href":"https:\/\/www.meals4hope.org\/es\/wp-json\/wp\/v2\/types\/page"}],"author":[{"embeddable":true,"href":"https:\/\/www.meals4hope.org\/es\/wp-json\/wp\/v2\/users\/1"}],"replies":[{"embeddable":true,"href":"https:\/\/www.meals4hope.org\/es\/wp-json\/wp\/v2\/comments?post=1502"}],"version-history":[{"count":0,"href":"https:\/\/www.meals4hope.org\/es\/wp-json\/wp\/v2\/pages\/1502\/revisions"}],"wp:featuredmedia":[{"embeddable":true,"href":"https:\/\/www.meals4hope.org\/es\/wp-json\/wp\/v2\/media\/103"}],"wp:attachment":[{"href":"https:\/\/www.meals4hope.org\/es\/wp-json\/wp\/v2\/media?parent=1502"}],"curies":[{"name":"wp","href":"https:\/\/api.w.org\/{rel}","templated":true}]}}